{"id":959,"date":"2024-04-18T10:24:22","date_gmt":"2024-04-18T08:24:22","guid":{"rendered":"https:\/\/fefi.si\/program-2024\/frisno-2024\/"},"modified":"2024-05-07T10:36:50","modified_gmt":"2024-05-07T08:36:50","slug":"frisno-2024","status":"publish","type":"page","link":"https:\/\/fefi.si\/en\/program-2024\/frisno-2024\/","title":{"rendered":"Fri\u0161no 2024"},"content":{"rendered":"<div class=\"et_d4_element et_pb_section et_pb_section_0 et_pb_with_background  et_pb_css_mix_blend_mode et_section_regular et_block_section\" >\n\t\t\t\t\n\t\t\t\t\n\t\t\t\t\n\t\t\t\t\n\t\t\t\t\n\t\t\t\t\n\t\t\t\t<div class=\"et_d4_element et_pb_row et_pb_row_0  et_pb_css_mix_blend_mode et_block_row\">\n\t\t\t\t<div class=\"et_d4_element et_pb_column_4_4 et_pb_column et_pb_column_0  et_pb_css_mix_blend_mode et-last-child et_block_column\">\n\t\t\t\t\n\t\t\t\t\n\t\t\t\t\n\t\t\t\t\n\t\t\t\t<div class=\"et_pb_module et_d4_element et_pb_text et_pb_text_0  et_pb_text_align_left et_pb_bg_layout_light\">\n\t\t\t\t\n\t\t\t\t\n\t\t\t\t\n\t\t\t\t\n\t\t\t\t<div class=\"et_pb_text_inner\"><h2>FeFi FRESH<\/h2>\n<p><strong>The films will be available for free online streaming from 23rd till 28th of April 2024.<\/strong><\/div>\n\t\t\t<\/div>\n\t\t\t<\/div>\n\t\t\t\t\n\t\t\t\t\n\t\t\t\t\n\t\t\t\t\n\t\t\t<\/div><div class=\"et_d4_element et_pb_row et_pb_row_1  et_pb_css_mix_blend_mode et_block_row\">\n\t\t\t\t<div class=\"et_d4_element et_pb_column_4_4 et_pb_column et_pb_column_1  et_pb_css_mix_blend_mode et-last-child et_block_column\">\n\t\t\t\t\n\t\t\t\t\n\t\t\t\t\n\t\t\t\t\n\t\t\t\t<div class=\"et_pb_module et_d4_element et_pb_image et_pb_image_0\">\n\t\t\t\t\n\t\t\t\t\n\t\t\t\t\n\t\t\t\t\n\t\t\t\t<span class=\"et_pb_image_wrap \"><img loading=\"lazy\" decoding=\"async\" width=\"768\" height=\"480\" src=\"https:\/\/fefi.si\/wp-content\/uploads\/2024\/04\/labod2_still.jpeg\" alt=\"SYNCHRONIZATION\" title=\"labod2_still\" srcset=\"https:\/\/fefi.si\/wp-content\/uploads\/2024\/04\/labod2_still.jpeg 768w, https:\/\/fefi.si\/wp-content\/uploads\/2024\/04\/labod2_still-480x300.jpeg 480w\" sizes=\"(min-width: 0px) and (max-width: 480px) 480px, (min-width: 481px) 768px, 100vw\" class=\"wp-image-877\" \/><\/span>\n\t\t\t<\/div><div class=\"et_pb_module et_d4_element et_pb_text et_pb_text_2  et_pb_text_align_left et_pb_bg_layout_light\">\n\t\t\t\t\n\t\t\t\t\n\t\t\t\t\n\t\t\t\t\n\t\t\t\t<div class=\"et_pb_text_inner\"><b>Labod<\/b><br \/>\nEvelin Bizjak, Neja Raku\u0161\u010dek, Monika Rusak, Anja Ru\u017eica Tadi\u0107, Tja\u0161a Tomc (at the workshop of Luksuz Production) \/ Slovenia, 2021 \/ 6 min<\/p>\n<p>20 years after factory Labod in Kr\u0161ko closed down, former workers remember their work there. Only time still flows through the spaces of the factory and presents us with an allegory of decay. Only plants still live there, like an ironic decoration of good memories.<\/div>\n\t\t\t<\/div><div class=\"et_pb_module et_d4_element et_pb_divider et_pb_divider_0 et_pb_space\"><div class=\"et_pb_divider_internal\"><\/div><\/div>\n\t\t\t<\/div>\n\t\t\t\t\n\t\t\t\t\n\t\t\t\t\n\t\t\t\t\n\t\t\t<\/div><div class=\"et_d4_element et_pb_row et_pb_row_2  et_pb_css_mix_blend_mode et_block_row\">\n\t\t\t\t<div class=\"et_d4_element et_pb_column_4_4 et_pb_column et_pb_column_2  et_pb_css_mix_blend_mode et-last-child et_block_column\">\n\t\t\t\t\n\t\t\t\t\n\t\t\t\t\n\t\t\t\t\n\t\t\t\t<div class=\"et_pb_module et_d4_element et_pb_image et_pb_image_1\">\n\t\t\t\t\n\t\t\t\t\n\t\t\t\t\n\t\t\t\t\n\t\t\t\t<span class=\"et_pb_image_wrap \"><img loading=\"lazy\" decoding=\"async\" width=\"768\" height=\"432\" src=\"https:\/\/fefi.si\/wp-content\/uploads\/2024\/04\/Zbulimi_still3.jpg\" alt=\"\" title=\"Zbulimi_still3\" srcset=\"https:\/\/fefi.si\/wp-content\/uploads\/2024\/04\/Zbulimi_still3.jpg 768w, https:\/\/fefi.si\/wp-content\/uploads\/2024\/04\/Zbulimi_still3-480x270.jpg 480w\" sizes=\"(min-width: 0px) and (max-width: 480px) 480px, (min-width: 481px) 768px, 100vw\" class=\"wp-image-883\" \/><\/span>\n\t\t\t<\/div><div class=\"et_pb_module et_d4_element et_pb_text et_pb_text_3  et_pb_text_align_left et_pb_bg_layout_light\">\n\t\t\t\t\n\t\t\t\t\n\t\t\t\t\n\t\t\t\t\n\t\t\t\t<div class=\"et_pb_text_inner\"><b>Zbulimi (Razkritje)<\/b><br \/>\nArta Kroni \/ Slovenia, 2022 \/ 6 min 39 s<\/p>\n<p>The author approaches her grandmother with questions, that she never yet asked. Distance doesn't allow them to have many sincere conversations.<\/div>\n\t\t\t<\/div><div class=\"et_pb_module et_d4_element et_pb_divider et_pb_divider_1 et_pb_space\"><div class=\"et_pb_divider_internal\"><\/div><\/div>\n\t\t\t<\/div>\n\t\t\t\t\n\t\t\t\t\n\t\t\t\t\n\t\t\t\t\n\t\t\t<\/div>\n\t\t\t\t\n\t\t\t\t\n\t\t\t<\/div>\n","protected":false},"excerpt":{"rendered":"","protected":false},"author":1,"featured_media":0,"parent":953,"menu_order":0,"comment_status":"closed","ping_status":"closed","template":"","meta":{"_et_pb_use_builder":"on","_et_pb_old_content":"","_et_gb_content_width":"","footnotes":""},"class_list":["post-959","page","type-page","status-publish","hentry"],"yoast_head":"<!-- This site is optimized with the Yoast SEO plugin v27.4 - https:\/\/yoast.com\/product\/yoast-seo-wordpress\/ -->\n<title>Fresh - FeFi - Feministi\u010dni filmski festival<\/title>\n<meta name=\"robots\" content=\"index, follow, max-snippet:-1, max-image-preview:large, max-video-preview:-1\" \/>\n<link rel=\"canonical\" href=\"https:\/\/fefi.si\/en\/program-2024\/frisno-2024\/\" \/>\n<meta property=\"og:locale\" content=\"en_US\" \/>\n<meta property=\"og:type\" content=\"article\" \/>\n<meta property=\"og:title\" content=\"Fresh - FeFi - Feministi\u010dni filmski festival\" \/>\n<meta property=\"og:url\" content=\"https:\/\/fefi.si\/en\/program-2024\/frisno-2024\/\" \/>\n<meta property=\"og:site_name\" content=\"FeFi - Feministi\u010dni filmski festival\" \/>\n<meta property=\"article:modified_time\" content=\"2024-05-07T08:36:50+00:00\" \/>\n<meta name=\"twitter:card\" content=\"summary_large_image\" \/>\n<meta name=\"twitter:label1\" content=\"Est. reading time\" \/>\n\t<meta name=\"twitter:data1\" content=\"2 minutes\" \/>\n<script type=\"application\/ld+json\" class=\"yoast-schema-graph\">{\"@context\":\"https:\\\/\\\/schema.org\",\"@graph\":[{\"@type\":\"WebPage\",\"@id\":\"https:\\\/\\\/fefi.si\\\/en\\\/program-2024\\\/frisno-2024\\\/\",\"url\":\"https:\\\/\\\/fefi.si\\\/en\\\/program-2024\\\/frisno-2024\\\/\",\"name\":\"Fresh - FeFi - Feministi\u010dni filmski festival\",\"isPartOf\":{\"@id\":\"https:\\\/\\\/fefi.si\\\/en\\\/#website\"},\"datePublished\":\"2024-04-18T08:24:22+00:00\",\"dateModified\":\"2024-05-07T08:36:50+00:00\",\"breadcrumb\":{\"@id\":\"https:\\\/\\\/fefi.si\\\/en\\\/program-2024\\\/frisno-2024\\\/#breadcrumb\"},\"inLanguage\":\"en-US\",\"potentialAction\":[{\"@type\":\"ReadAction\",\"target\":[\"https:\\\/\\\/fefi.si\\\/en\\\/program-2024\\\/frisno-2024\\\/\"]}]},{\"@type\":\"BreadcrumbList\",\"@id\":\"https:\\\/\\\/fefi.si\\\/en\\\/program-2024\\\/frisno-2024\\\/#breadcrumb\",\"itemListElement\":[{\"@type\":\"ListItem\",\"position\":1,\"name\":\"Home\",\"item\":\"https:\\\/\\\/fefi.si\\\/en\\\/home-2026\\\/\"},{\"@type\":\"ListItem\",\"position\":2,\"name\":\"Program 2024\",\"item\":\"https:\\\/\\\/fefi.si\\\/en\\\/program-2024\\\/\"},{\"@type\":\"ListItem\",\"position\":3,\"name\":\"Fri\u0161no 2024\"}]},{\"@type\":\"WebSite\",\"@id\":\"https:\\\/\\\/fefi.si\\\/en\\\/#website\",\"url\":\"https:\\\/\\\/fefi.si\\\/en\\\/\",\"name\":\"FeFi - Feministi\u010dni filmski festival\",\"description\":\"\",\"potentialAction\":[{\"@type\":\"SearchAction\",\"target\":{\"@type\":\"EntryPoint\",\"urlTemplate\":\"https:\\\/\\\/fefi.si\\\/en\\\/?s={search_term_string}\"},\"query-input\":{\"@type\":\"PropertyValueSpecification\",\"valueRequired\":true,\"valueName\":\"search_term_string\"}}],\"inLanguage\":\"en-US\"}]}<\/script>\n<!-- \/ Yoast SEO plugin. -->","yoast_head_json":{"title":"Fresh - FeFi - Feministi\u010dni filmski festival","robots":{"index":"index","follow":"follow","max-snippet":"max-snippet:-1","max-image-preview":"max-image-preview:large","max-video-preview":"max-video-preview:-1"},"canonical":"https:\/\/fefi.si\/en\/program-2024\/frisno-2024\/","og_locale":"en_US","og_type":"article","og_title":"Fresh - FeFi - Feministi\u010dni filmski festival","og_url":"https:\/\/fefi.si\/en\/program-2024\/frisno-2024\/","og_site_name":"FeFi - Feministi\u010dni filmski festival","article_modified_time":"2024-05-07T08:36:50+00:00","twitter_card":"summary_large_image","twitter_misc":{"Est. reading time":"2 minutes"},"schema":{"@context":"https:\/\/schema.org","@graph":[{"@type":"WebPage","@id":"https:\/\/fefi.si\/en\/program-2024\/frisno-2024\/","url":"https:\/\/fefi.si\/en\/program-2024\/frisno-2024\/","name":"Fresh - FeFi - Feministi\u010dni filmski festival","isPartOf":{"@id":"https:\/\/fefi.si\/en\/#website"},"datePublished":"2024-04-18T08:24:22+00:00","dateModified":"2024-05-07T08:36:50+00:00","breadcrumb":{"@id":"https:\/\/fefi.si\/en\/program-2024\/frisno-2024\/#breadcrumb"},"inLanguage":"en-US","potentialAction":[{"@type":"ReadAction","target":["https:\/\/fefi.si\/en\/program-2024\/frisno-2024\/"]}]},{"@type":"BreadcrumbList","@id":"https:\/\/fefi.si\/en\/program-2024\/frisno-2024\/#breadcrumb","itemListElement":[{"@type":"ListItem","position":1,"name":"Home","item":"https:\/\/fefi.si\/en\/home-2026\/"},{"@type":"ListItem","position":2,"name":"Program 2024","item":"https:\/\/fefi.si\/en\/program-2024\/"},{"@type":"ListItem","position":3,"name":"Fri\u0161no 2024"}]},{"@type":"WebSite","@id":"https:\/\/fefi.si\/en\/#website","url":"https:\/\/fefi.si\/en\/","name":"FeFi - Feministi\u010dni filmski festival","description":"","potentialAction":[{"@type":"SearchAction","target":{"@type":"EntryPoint","urlTemplate":"https:\/\/fefi.si\/en\/?s={search_term_string}"},"query-input":{"@type":"PropertyValueSpecification","valueRequired":true,"valueName":"search_term_string"}}],"inLanguage":"en-US"}]}},"_links":{"self":[{"href":"https:\/\/fefi.si\/en\/wp-json\/wp\/v2\/pages\/959","targetHints":{"allow":["GET"]}}],"collection":[{"href":"https:\/\/fefi.si\/en\/wp-json\/wp\/v2\/pages"}],"about":[{"href":"https:\/\/fefi.si\/en\/wp-json\/wp\/v2\/types\/page"}],"author":[{"embeddable":true,"href":"https:\/\/fefi.si\/en\/wp-json\/wp\/v2\/users\/1"}],"replies":[{"embeddable":true,"href":"https:\/\/fefi.si\/en\/wp-json\/wp\/v2\/comments?post=959"}],"version-history":[{"count":10,"href":"https:\/\/fefi.si\/en\/wp-json\/wp\/v2\/pages\/959\/revisions"}],"predecessor-version":[{"id":1030,"href":"https:\/\/fefi.si\/en\/wp-json\/wp\/v2\/pages\/959\/revisions\/1030"}],"up":[{"embeddable":true,"href":"https:\/\/fefi.si\/en\/wp-json\/wp\/v2\/pages\/953"}],"wp:attachment":[{"href":"https:\/\/fefi.si\/en\/wp-json\/wp\/v2\/media?parent=959"}],"curies":[{"name":"wp","href":"https:\/\/api.w.org\/{rel}","templated":true}]}}