{"id":953,"date":"2024-04-18T10:24:05","date_gmt":"2024-04-18T08:24:05","guid":{"rendered":"https:\/\/fefi.si\/program-2024\/"},"modified":"2024-04-25T10:48:02","modified_gmt":"2024-04-25T08:48:02","slug":"program-2024","status":"publish","type":"page","link":"https:\/\/fefi.si\/en\/program-2024\/","title":{"rendered":"Program 2024"},"content":{"rendered":"<div class=\"et_d4_element et_pb_section et_pb_section_0 et_pb_with_background  et_pb_css_mix_blend_mode et_section_regular et_block_section\" >\n\t\t\t\t\n\t\t\t\t\n\t\t\t\t\n\t\t\t\t\n\t\t\t\t\n\t\t\t\t\n\t\t\t\t<div class=\"et_d4_element et_pb_row et_pb_row_0  et_pb_css_mix_blend_mode et_block_row\">\n\t\t\t\t<div class=\"et_d4_element et_pb_column_1_3 et_pb_column et_pb_column_0  et_pb_css_mix_blend_mode et_block_column\">\n\t\t\t\t\n\t\t\t\t\n\t\t\t\t\n\t\t\t\t\n\t\t\t\t<div class=\"et_pb_module et_d4_element et_pb_image et_pb_image_0\">\n\t\t\t\t\n\t\t\t\t\n\t\t\t\t\n\t\t\t\t\n\t\t\t\t<a href=\"https:\/\/fefi.si\/en\/program-2024\/frisno-2024\/\"><span class=\"et_pb_image_wrap \"><img loading=\"lazy\" decoding=\"async\" width=\"768\" height=\"432\" src=\"https:\/\/fefi.si\/wp-content\/uploads\/2024\/04\/Zbulimi_still4.jpg\" alt=\"\" title=\"Zbulimi_still4\" srcset=\"https:\/\/fefi.si\/wp-content\/uploads\/2024\/04\/Zbulimi_still4.jpg 768w, https:\/\/fefi.si\/wp-content\/uploads\/2024\/04\/Zbulimi_still4-480x270.jpg 480w\" sizes=\"(min-width: 0px) and (max-width: 480px) 480px, (min-width: 481px) 768px, 100vw\" class=\"wp-image-885\" \/><\/span><\/a>\n\t\t\t<\/div><div class=\"et_pb_module et_d4_element et_pb_text et_pb_text_0  et_pb_text_align_left et_pb_bg_layout_light\">\n\t\t\t\t\n\t\t\t\t\n\t\t\t\t\n\t\t\t\t\n\t\t\t\t<div class=\"et_pb_text_inner\"><h2>Fresh<\/h2>\n<p><!--h6>na ogled od 8. do 12. marca<\/h6--><\/div>\n\t\t\t<\/div><div class=\"et_pb_module et_d4_element et_pb_text et_pb_text_1  et_pb_text_align_left et_pb_bg_layout_light\">\n\t\t\t\t\n\t\t\t\t\n\t\t\t\t\n\t\t\t\t\n\t\t\t\t<div class=\"et_pb_text_inner\"><h6>Labod<\/h6>\n<div style=\"margin: 0 0 2px 0;\">Evelin Bizjak, Neja Raku\u0161\u010dek, Monika Rusak, Anja Ru\u017eica Tadi\u0107, Tja\u0161a Tomc<\/div>\n<div style=\"margin: 0 0 15px 0;\">Slovenia, 2021 \/ 6 min<\/div>\n<h6>Zbulimi (Revelation)<\/h6>\n<div style=\"margin: 0 0 2px 0;\">Arta Kroni<\/div>\n<div style=\"margin: 0 0 15px 0;\">Slovenia, 2022 \/ 6 min 39 s<\/div>\n<div style=\"margin-top: 20px; font-weight: bold;\">The films will be available for free online streaming from 23rd till 28th of April 2024.<\/div><\/div>\n\t\t\t<\/div><div class=\"et_pb_button_module_wrapper et_pb_button_0_wrapper  et_pb_module \">\n\t\t\t\t<a class=\"et_pb_button et_d4_element et_pb_button_0 et_pb_bg_layout_light et_block_module\" href=\"https:\/\/fefi.si\/en\/program-2024\/frisno-2024\/\">Watch the films<\/a>\n\t\t\t<\/div>\n\t\t\t<\/div><div class=\"et_d4_element et_pb_column_1_3 et_pb_column et_pb_column_1  et_pb_css_mix_blend_mode et_block_column\">\n\t\t\t\t\n\t\t\t\t\n\t\t\t\t\n\t\t\t\t\n\t\t\t\t<div class=\"et_pb_module et_d4_element et_pb_image et_pb_image_1\">\n\t\t\t\t\n\t\t\t\t\n\t\t\t\t\n\t\t\t\t\n\t\t\t\t<a href=\"https:\/\/fefi.si\/en\/program-2024\/retro-2024\/\"><span class=\"et_pb_image_wrap \"><img loading=\"lazy\" decoding=\"async\" width=\"768\" height=\"432\" src=\"https:\/\/fefi.si\/wp-content\/uploads\/2024\/04\/foto_sedem_grehov_in_vrlin.png\" alt=\"\" title=\"foto_sedem_grehov_in_vrlin\" srcset=\"https:\/\/fefi.si\/wp-content\/uploads\/2024\/04\/foto_sedem_grehov_in_vrlin.png 768w, https:\/\/fefi.si\/wp-content\/uploads\/2024\/04\/foto_sedem_grehov_in_vrlin-480x270.png 480w\" sizes=\"(min-width: 0px) and (max-width: 480px) 480px, (min-width: 481px) 768px, 100vw\" class=\"wp-image-875\" \/><\/span><\/a>\n\t\t\t<\/div><div class=\"et_pb_module et_d4_element et_pb_text et_pb_text_2  et_pb_text_align_left et_pb_bg_layout_light\">\n\t\t\t\t\n\t\t\t\t\n\t\t\t\t\n\t\t\t\t\n\t\t\t\t<div class=\"et_pb_text_inner\"><h2>Retro<\/h2>\n<p><!--h6>na ogled od 8. do 13. marca<\/h6--><\/div>\n\t\t\t<\/div><div class=\"et_pb_module et_d4_element et_pb_text et_pb_text_3  et_pb_text_align_left et_pb_bg_layout_light\">\n\t\t\t\t\n\t\t\t\t\n\t\t\t\t\n\t\t\t\t\n\t\t\t\t<div class=\"et_pb_text_inner\"><h6>Sedem grehov in vrlin (The 7 Sins and Virtues)<\/h6>\n<div>Majda \u0160irca<\/div>\n<div style=\"margin-bottom: 15px;\">Slovenia, 2017 \/ 104 min<\/div>\n<h6>Druga ko\u017ea (The Other Skin)<\/h6>\n<div>Majda \u0160irca<\/div>\n<div style=\"margin-bottom: 15px;\">Slovenia 2018 \/ 53 min<\/div>\n<h6>Pove\u010dava: \u017denska (Woman)<\/h6>\n<div>Majda \u0160irca<\/div>\n<div style=\"margin-bottom: 15px;\">Slovenia 1995 \/ 90 min<\/div>\n<p><strong>The films will be available for free online streaming from 23rd till 28th of April 2024.<\/strong><\/div>\n\t\t\t<\/div><div class=\"et_pb_button_module_wrapper et_pb_button_1_wrapper  et_pb_module \">\n\t\t\t\t<a class=\"et_pb_button et_d4_element et_pb_button_1 et_pb_bg_layout_light et_block_module\" href=\"https:\/\/fefi.si\/en\/program-2024\/retro-2024\/\">Watch the films<\/a>\n\t\t\t<\/div>\n\t\t\t<\/div><div class=\"et_d4_element et_pb_column_1_3 et_pb_column et_pb_column_2  et_pb_css_mix_blend_mode et-last-child et_block_column\">\n\t\t\t\t\n\t\t\t\t\n\t\t\t\t\n\t\t\t\t\n\t\t\t\t<div class=\"et_pb_module et_d4_element et_pb_image et_pb_image_2\">\n\t\t\t\t\n\t\t\t\t\n\t\t\t\t\n\t\t\t\t\n\t\t\t\t<a href=\"https:\/\/fefi.si\/en\/program-2024\/zdaj-2024\/\"><span class=\"et_pb_image_wrap \"><img loading=\"lazy\" decoding=\"async\" width=\"768\" height=\"432\" src=\"https:\/\/fefi.si\/wp-content\/uploads\/2024\/04\/Ash_Wednesday_1.jpg\" alt=\"\" title=\"Ash_Wednesday_1\" srcset=\"https:\/\/fefi.si\/wp-content\/uploads\/2024\/04\/Ash_Wednesday_1.jpg 768w, https:\/\/fefi.si\/wp-content\/uploads\/2024\/04\/Ash_Wednesday_1-480x270.jpg 480w\" sizes=\"(min-width: 0px) and (max-width: 480px) 480px, (min-width: 481px) 768px, 100vw\" class=\"wp-image-867\" \/><\/span><\/a>\n\t\t\t<\/div><div class=\"et_pb_module et_d4_element et_pb_text et_pb_text_4  et_pb_text_align_left et_pb_bg_layout_light\">\n\t\t\t\t\n\t\t\t\t\n\t\t\t\t\n\t\t\t\t\n\t\t\t\t<div class=\"et_pb_text_inner\"><h2>Now!<\/h2>\n<p><!--h6>na ogled od 8. do 13. marca<\/h6--><\/div>\n\t\t\t<\/div><div class=\"et_pb_module et_d4_element et_pb_text et_pb_text_5  et_pb_text_align_left et_pb_bg_layout_light\">\n\t\t\t\t\n\t\t\t\t\n\t\t\t\t\n\t\t\t\t\n\t\t\t\t<div class=\"et_pb_text_inner\"><h6>Ash Wednesday (Quarta-Feira)<\/h6>\n<div style=\"margin: 0 0 2px 0;\">B\u00e1rbara Santos, Jo\u00e3o Pedro Prado<\/div>\n<div style=\"margin: 0 0 2px 0;\">Igrajo: Uriara Maciel, Ronni Maciel, Jefferson Preto, Jo\u00e3o Eduardo Albertini<\/div>\n<div style=\"margin: 0 0 10px 0;\">Germany, 2023 \/ 30 min<\/div>\n<div style=\"margin: 0 0 15px 0; font-weight: bold;\"><i><a href=\"https:\/\/youtu.be\/yzqyCcavaII\" target=\"_blank\" data-saferedirecturl=\"https:\/\/www.google.com\/url?q=https:\/\/youtu.be\/yzqyCcavaII&amp;source=gmail&amp;ust=1714121120030000&amp;usg=AOvVaw3ENzAavFtAhB1n9qRTD1ve\" rel=\"noopener\">Here<\/a><span>\u00a0<\/span>you can find the recording of the talk with the director of Ash Wednesday, Barbara Santos and production designer Claudia Barrantes.<\/i><\/div>\n<h6>La compa\u00f1era Fabiana (Comrade Fabiana)<\/h6>\n<div style=\"margin: 0 0 2px 0;\">Luc\u00eda Reinoso Flores<\/div>\n<div style=\"margin: 0 0 15px 0;\">Guatemala, 2021 \/ 14 min<\/div>\n<h6>Duhovnica<\/h6>\n<div style=\"margin: 0 0 2px 0;\">Maja Prettner<\/div>\n<div style=\"margin: 0 0 15px 0;\">Slovenia, 2023 \/ 98 min \/ 2023<\/div>\n<div style=\"margin-top: 20px; font-weight: bold;\">The films will be available for free online streaming from 23rd till 28th of April 2024.<\/div><\/div>\n\t\t\t<\/div><div class=\"et_pb_button_module_wrapper et_pb_button_2_wrapper  et_pb_module \">\n\t\t\t\t<a class=\"et_pb_button et_d4_element et_pb_button_2 et_pb_bg_layout_light et_block_module\" href=\"https:\/\/fefi.si\/en\/program-2024\/zdaj-2024\/\">Watch the films<\/a>\n\t\t\t<\/div>\n\t\t\t<\/div>\n\t\t\t\t\n\t\t\t\t\n\t\t\t\t\n\t\t\t\t\n\t\t\t<\/div>\n\t\t\t\t\n\t\t\t\t\n\t\t\t<\/div>\n","protected":false},"excerpt":{"rendered":"","protected":false},"author":1,"featured_media":0,"parent":0,"menu_order":0,"comment_status":"closed","ping_status":"closed","template":"","meta":{"_et_pb_use_builder":"on","_et_pb_old_content":"<!-- wp:paragraph -->\n<p>This is an example page. It's different from a blog post because it will stay in one place and will show up in your site navigation (in most themes). Most people start with an About page that introduces them to potential site visitors. It might say something like this:<\/p>\n<!-- \/wp:paragraph -->\n\n<!-- wp:quote -->\n<blockquote class=\"wp-block-quote\"><p>Hi there! I'm a bike messenger by day, aspiring actor by night, and this is my website. I live in Los Angeles, have a great dog named Jack, and I like pi&#241;a coladas. (And gettin' caught in the rain.)<\/p><\/blockquote>\n<!-- \/wp:quote -->\n\n<!-- wp:paragraph -->\n<p>...or something like this:<\/p>\n<!-- \/wp:paragraph -->\n\n<!-- wp:quote -->\n<blockquote class=\"wp-block-quote\"><p>The XYZ Doohickey Company was founded in 1971, and has been providing quality doohickeys to the public ever since. Located in Gotham City, XYZ employs over 2,000 people and does all kinds of awesome things for the Gotham community.<\/p><\/blockquote>\n<!-- \/wp:quote -->\n\n<!-- wp:paragraph -->\n<p>As a new WordPress user, you should go to <a href=\"http:\/\/fefi.si\/wp-admin\/\">your dashboard<\/a> to delete this page and create new pages for your content. Have fun!<\/p>\n<!-- \/wp:paragraph -->","_et_gb_content_width":"","footnotes":""},"class_list":["post-953","page","type-page","status-publish","hentry"],"yoast_head":"<!-- This site is optimized with the Yoast SEO plugin v27.4 - https:\/\/yoast.com\/product\/yoast-seo-wordpress\/ -->\n<title>Program 2024 - FeFi - Feministi\u010dni filmski festival<\/title>\n<meta name=\"robots\" content=\"index, follow, max-snippet:-1, max-image-preview:large, max-video-preview:-1\" \/>\n<link rel=\"canonical\" href=\"https:\/\/fefi.si\/en\/program-2024\/\" \/>\n<meta property=\"og:locale\" content=\"en_US\" \/>\n<meta property=\"og:type\" content=\"article\" \/>\n<meta property=\"og:title\" content=\"Program 2024 - FeFi - Feministi\u010dni filmski festival\" \/>\n<meta property=\"og:url\" content=\"https:\/\/fefi.si\/en\/program-2024\/\" \/>\n<meta property=\"og:site_name\" content=\"FeFi - Feministi\u010dni filmski festival\" \/>\n<meta property=\"article:modified_time\" content=\"2024-04-25T08:48:02+00:00\" \/>\n<meta name=\"twitter:card\" content=\"summary_large_image\" \/>\n<meta name=\"twitter:label1\" content=\"Est. reading time\" \/>\n\t<meta name=\"twitter:data1\" content=\"5 minutes\" \/>\n<script type=\"application\/ld+json\" class=\"yoast-schema-graph\">{\"@context\":\"https:\\\/\\\/schema.org\",\"@graph\":[{\"@type\":\"WebPage\",\"@id\":\"https:\\\/\\\/fefi.si\\\/en\\\/program-2024\\\/\",\"url\":\"https:\\\/\\\/fefi.si\\\/en\\\/program-2024\\\/\",\"name\":\"Program 2024 - FeFi - Feministi\u010dni filmski festival\",\"isPartOf\":{\"@id\":\"https:\\\/\\\/fefi.si\\\/en\\\/#website\"},\"datePublished\":\"2024-04-18T08:24:05+00:00\",\"dateModified\":\"2024-04-25T08:48:02+00:00\",\"breadcrumb\":{\"@id\":\"https:\\\/\\\/fefi.si\\\/en\\\/program-2024\\\/#breadcrumb\"},\"inLanguage\":\"en-US\",\"potentialAction\":[{\"@type\":\"ReadAction\",\"target\":[\"https:\\\/\\\/fefi.si\\\/en\\\/program-2024\\\/\"]}]},{\"@type\":\"BreadcrumbList\",\"@id\":\"https:\\\/\\\/fefi.si\\\/en\\\/program-2024\\\/#breadcrumb\",\"itemListElement\":[{\"@type\":\"ListItem\",\"position\":1,\"name\":\"Home\",\"item\":\"https:\\\/\\\/fefi.si\\\/en\\\/home-2026\\\/\"},{\"@type\":\"ListItem\",\"position\":2,\"name\":\"Program 2024\"}]},{\"@type\":\"WebSite\",\"@id\":\"https:\\\/\\\/fefi.si\\\/en\\\/#website\",\"url\":\"https:\\\/\\\/fefi.si\\\/en\\\/\",\"name\":\"FeFi - Feministi\u010dni filmski festival\",\"description\":\"\",\"potentialAction\":[{\"@type\":\"SearchAction\",\"target\":{\"@type\":\"EntryPoint\",\"urlTemplate\":\"https:\\\/\\\/fefi.si\\\/en\\\/?s={search_term_string}\"},\"query-input\":{\"@type\":\"PropertyValueSpecification\",\"valueRequired\":true,\"valueName\":\"search_term_string\"}}],\"inLanguage\":\"en-US\"}]}<\/script>\n<!-- \/ Yoast SEO plugin. -->","yoast_head_json":{"title":"Program 2024 - FeFi - Feministi\u010dni filmski festival","robots":{"index":"index","follow":"follow","max-snippet":"max-snippet:-1","max-image-preview":"max-image-preview:large","max-video-preview":"max-video-preview:-1"},"canonical":"https:\/\/fefi.si\/en\/program-2024\/","og_locale":"en_US","og_type":"article","og_title":"Program 2024 - FeFi - Feministi\u010dni filmski festival","og_url":"https:\/\/fefi.si\/en\/program-2024\/","og_site_name":"FeFi - Feministi\u010dni filmski festival","article_modified_time":"2024-04-25T08:48:02+00:00","twitter_card":"summary_large_image","twitter_misc":{"Est. reading time":"5 minutes"},"schema":{"@context":"https:\/\/schema.org","@graph":[{"@type":"WebPage","@id":"https:\/\/fefi.si\/en\/program-2024\/","url":"https:\/\/fefi.si\/en\/program-2024\/","name":"Program 2024 - FeFi - Feministi\u010dni filmski festival","isPartOf":{"@id":"https:\/\/fefi.si\/en\/#website"},"datePublished":"2024-04-18T08:24:05+00:00","dateModified":"2024-04-25T08:48:02+00:00","breadcrumb":{"@id":"https:\/\/fefi.si\/en\/program-2024\/#breadcrumb"},"inLanguage":"en-US","potentialAction":[{"@type":"ReadAction","target":["https:\/\/fefi.si\/en\/program-2024\/"]}]},{"@type":"BreadcrumbList","@id":"https:\/\/fefi.si\/en\/program-2024\/#breadcrumb","itemListElement":[{"@type":"ListItem","position":1,"name":"Home","item":"https:\/\/fefi.si\/en\/home-2026\/"},{"@type":"ListItem","position":2,"name":"Program 2024"}]},{"@type":"WebSite","@id":"https:\/\/fefi.si\/en\/#website","url":"https:\/\/fefi.si\/en\/","name":"FeFi - Feministi\u010dni filmski festival","description":"","potentialAction":[{"@type":"SearchAction","target":{"@type":"EntryPoint","urlTemplate":"https:\/\/fefi.si\/en\/?s={search_term_string}"},"query-input":{"@type":"PropertyValueSpecification","valueRequired":true,"valueName":"search_term_string"}}],"inLanguage":"en-US"}]}},"_links":{"self":[{"href":"https:\/\/fefi.si\/en\/wp-json\/wp\/v2\/pages\/953","targetHints":{"allow":["GET"]}}],"collection":[{"href":"https:\/\/fefi.si\/en\/wp-json\/wp\/v2\/pages"}],"about":[{"href":"https:\/\/fefi.si\/en\/wp-json\/wp\/v2\/types\/page"}],"author":[{"embeddable":true,"href":"https:\/\/fefi.si\/en\/wp-json\/wp\/v2\/users\/1"}],"replies":[{"embeddable":true,"href":"https:\/\/fefi.si\/en\/wp-json\/wp\/v2\/comments?post=953"}],"version-history":[{"count":8,"href":"https:\/\/fefi.si\/en\/wp-json\/wp\/v2\/pages\/953\/revisions"}],"predecessor-version":[{"id":1024,"href":"https:\/\/fefi.si\/en\/wp-json\/wp\/v2\/pages\/953\/revisions\/1024"}],"wp:attachment":[{"href":"https:\/\/fefi.si\/en\/wp-json\/wp\/v2\/media?parent=953"}],"curies":[{"name":"wp","href":"https:\/\/api.w.org\/{rel}","templated":true}]}}