{"id":677,"date":"2023-03-02T19:03:24","date_gmt":"2023-03-02T18:03:24","guid":{"rendered":"https:\/\/fefi.si\/program-2023\/"},"modified":"2023-03-08T01:57:06","modified_gmt":"2023-03-08T00:57:06","slug":"program-2023","status":"publish","type":"page","link":"https:\/\/fefi.si\/en\/program-2023\/","title":{"rendered":"Program 2023"},"content":{"rendered":"<div class=\"et_d4_element et_pb_section et_pb_section_0 et_pb_with_background  et_pb_css_mix_blend_mode et_section_regular et_block_section\" >\n\t\t\t\t\n\t\t\t\t\n\t\t\t\t\n\t\t\t\t\n\t\t\t\t\n\t\t\t\t\n\t\t\t\t<div class=\"et_d4_element et_pb_row et_pb_row_0  et_pb_css_mix_blend_mode et_block_row\">\n\t\t\t\t<div class=\"et_d4_element et_pb_column_1_3 et_pb_column et_pb_column_0  et_pb_css_mix_blend_mode et_block_column\">\n\t\t\t\t\n\t\t\t\t\n\t\t\t\t\n\t\t\t\t\n\t\t\t\t<div class=\"et_pb_module et_d4_element et_pb_image et_pb_image_0\">\n\t\t\t\t\n\t\t\t\t\n\t\t\t\t\n\t\t\t\t\n\t\t\t\t<a href=\"https:\/\/fefi.si\/en\/program-2023\/fresh\/\"><span class=\"et_pb_image_wrap \"><img loading=\"lazy\" decoding=\"async\" width=\"300\" height=\"188\" src=\"https:\/\/fefi.si\/wp-content\/uploads\/2023\/03\/way-of-sylvie-1-300x188.jpg\" alt=\"\" title=\"way-of-sylvie\" class=\"wp-image-686\" \/><\/span><\/a>\n\t\t\t<\/div><div class=\"et_pb_module et_d4_element et_pb_text et_pb_text_0  et_pb_text_align_left et_pb_bg_layout_light\">\n\t\t\t\t\n\t\t\t\t\n\t\t\t\t\n\t\t\t\t\n\t\t\t\t<div class=\"et_pb_text_inner\"><h2>Fresh<\/h2>\n<p><!--h6>na ogled od 8. do 12. marca<\/h6--><\/div>\n\t\t\t<\/div><div class=\"et_pb_module et_d4_element et_pb_text et_pb_text_1  et_pb_text_align_left et_pb_bg_layout_light\">\n\t\t\t\t\n\t\t\t\t\n\t\t\t\t\n\t\t\t\t\n\t\t\t\t<div class=\"et_pb_text_inner\"><h6>Way of Sylvie<\/h6>\n<div style=\"margin: 0 0 2px 0;\">Directed by: Verica Posp\u00ed\u0161ilov\u00e1 Kordi\u0107<\/div>\n<div style=\"margin: 0 0 2px 0;\">Production: FAMU<\/div>\n<div style=\"margin: 0 0 15px 0;\">animation, Czech Republic, 2020, 12 min<\/div>\n<h6>Scum<\/h6>\n<div style=\"margin: 0 0 2px 0;\">Directed by: Margareta Grm<\/div>\n<div style=\"margin: 0 0 2px 0;\">Production: AGRFT<\/div>\n<div style=\"margin: 0 0 15px 0;\">fiction, Slovenia, 2022, 12 min<\/div>\n<h6>Inside (Vevnit\u0159)<\/h6>\n<div style=\"margin: 0 0 2px 0;\">Directed by: Viktorie \u0160t\u011bp\u00e1nov\u00e1<\/div>\n<div style=\"margin: 0 0 2px 0;\">Production: FAMU<\/div>\n<div style=\"margin: 0 0 15px 0;\">animated documentary, Czech Republic, 2020, 6 min<\/div>\n<h6>Razgled<\/h6>\n<div style=\"margin: 0 0 2px 0;\">Directed by: Ema Pa\u0161<\/div>\n<div style=\"margin: 0 0 15px 0;\">documentary, Slovenia, 2022, 10 min<\/div>\n<h6>Foxy Girls<\/h6>\n<div style=\"margin: 0 0 2px 0;\">Directed by: Maja Pen\u010di\u010d<\/div>\n<div style=\"margin: 0 0 2px 0;\">Production: FAMU<\/div>\n<div style=\"margin: 0 0 15px 0;\">documentary, Maja Pen\u010di\u010d, Czech Republic, 2021, 13 min<\/div>\n<div style=\"margin-top: 20px; font-weight: bold;\">The films will be available for free online streaming from 8th till 12th of March.<\/div><\/div>\n\t\t\t<\/div><div class=\"et_pb_button_module_wrapper et_pb_button_0_wrapper  et_pb_module \">\n\t\t\t\t<a class=\"et_pb_button et_d4_element et_pb_button_0 et_pb_bg_layout_light et_block_module\" href=\"https:\/\/fefi.si\/en\/program-2023\/fresh\/\">Watch the films<\/a>\n\t\t\t<\/div>\n\t\t\t<\/div><div class=\"et_d4_element et_pb_column_1_3 et_pb_column et_pb_column_1  et_pb_css_mix_blend_mode et_block_column\">\n\t\t\t\t\n\t\t\t\t\n\t\t\t\t\n\t\t\t\t\n\t\t\t\t<div class=\"et_pb_module et_d4_element et_pb_image et_pb_image_1\">\n\t\t\t\t\n\t\t\t\t\n\t\t\t\t\n\t\t\t\t\n\t\t\t\t<a href=\"https:\/\/fefi.si\/en\/program-2023\/retro\/\"><span class=\"et_pb_image_wrap \"><img loading=\"lazy\" decoding=\"async\" width=\"300\" height=\"188\" src=\"https:\/\/fefi.si\/wp-content\/uploads\/2023\/03\/emak-1-1-300x188.jpg\" alt=\"\" title=\"emak\" class=\"wp-image-688\" \/><\/span><\/a>\n\t\t\t<\/div><div class=\"et_pb_module et_d4_element et_pb_text et_pb_text_2  et_pb_text_align_left et_pb_bg_layout_light\">\n\t\t\t\t\n\t\t\t\t\n\t\t\t\t\n\t\t\t\t\n\t\t\t\t<div class=\"et_pb_text_inner\"><h2>Retro<\/h2>\n<p><!--h6>na ogled od 8. do 13. marca<\/h6--><\/div>\n\t\t\t<\/div><div class=\"et_pb_module et_d4_element et_pb_text et_pb_text_3  et_pb_text_align_left et_pb_bg_layout_light\">\n\t\t\t\t\n\t\t\t\t\n\t\t\t\t\n\t\t\t\t\n\t\t\t\t<div class=\"et_pb_text_inner\"><h6>Hydra<\/h6>\n<div>Directed by: Ema Kugler<\/div>\n<div>Production: V.S. Video, \u0160KD Forum, VPK - Videoprodukcija Kregar<\/div>\n<div style=\"margin-bottom: 15px;\">short fiction video film, Slovenia, 1993, 15 min<\/div>\n<h6>The Visitor<\/h6>\n<div>Directed by: Ema Kugler<\/div>\n<div>Production: Forum Ljubljana, VPK - Videoprodukcija Kregar, V.S. Video<\/div>\n<div style=\"margin-bottom: 15px;\">short fiction video film, Slovenia, 1995, 27 min<\/div>\n<h6>Taiga<\/h6>\n<div>Directed by: Ema Kugler<\/div>\n<div>Production: Forum Ljubljana, VPK - Videoprodukcija Kregar<\/div>\n<div style=\"margin-bottom: 15px;\">short fiction video film, Slovenia, 1996, 8 min<\/div>\n<h6>Station 25<\/h6>\n<div>Directed by: Ema Kugler<\/div>\n<div>Production: V.S. Video, Forum Ljubljana, VPK - Videoprodukcija Kregar<\/div>\n<div style=\"margin-bottom: 15px;\">short fiction video film, Slovenia, 1997, 27 min<\/div>\n<p><strong>The films will be available for free online streaming from 8th till 12th of March.<\/strong><\/p>\n<p>The films will be screened live in:<br \/>\n- Maribor from 8th till 12th of March in Black Box at GT22 (Glavni trg\/Main Square 22).<br \/>\n- Ljubljana on 11th of March at 5 PM in PLAC (Linhartova 43). The Author will be present at the discussion.<\/div>\n\t\t\t<\/div><div class=\"et_pb_button_module_wrapper et_pb_button_1_wrapper  et_pb_module \">\n\t\t\t\t<a class=\"et_pb_button et_d4_element et_pb_button_1 et_pb_bg_layout_light et_block_module\" href=\"https:\/\/fefi.si\/en\/program-2023\/retro\/\">Watch the films<\/a>\n\t\t\t<\/div>\n\t\t\t<\/div><div class=\"et_d4_element et_pb_column_1_3 et_pb_column et_pb_column_2  et_pb_css_mix_blend_mode et-last-child et_block_column\">\n\t\t\t\t\n\t\t\t\t\n\t\t\t\t\n\t\t\t\t\n\t\t\t\t<div class=\"et_pb_module et_d4_element et_pb_image et_pb_image_2\">\n\t\t\t\t\n\t\t\t\t\n\t\t\t\t\n\t\t\t\t\n\t\t\t\t<a href=\"https:\/\/fefi.si\/en\/program-2023\/now\/\"><span class=\"et_pb_image_wrap \"><img loading=\"lazy\" decoding=\"async\" width=\"300\" height=\"188\" src=\"https:\/\/fefi.si\/wp-content\/uploads\/2023\/03\/melting-dreams-1-300x188.jpg\" alt=\"\" title=\"melting-dreams\" class=\"wp-image-690\" \/><\/span><\/a>\n\t\t\t<\/div><div class=\"et_pb_module et_d4_element et_pb_text et_pb_text_4  et_pb_text_align_left et_pb_bg_layout_light\">\n\t\t\t\t\n\t\t\t\t\n\t\t\t\t\n\t\t\t\t\n\t\t\t\t<div class=\"et_pb_text_inner\"><h2>Now!<\/h2>\n<p><!--h6>na ogled od 8. do 13. marca<\/h6--><\/p><\/div>\n\t\t\t<\/div><div class=\"et_pb_module et_d4_element et_pb_text et_pb_text_5  et_pb_text_align_left et_pb_bg_layout_light\">\n\t\t\t\t\n\t\t\t\t\n\t\t\t\t\n\t\t\t\t\n\t\t\t\t<div class=\"et_pb_text_inner\"><h6>Melting Dreams<\/h6>\n<div style=\"margin: 0 0 2px 0;\">Directed by: Haidy Kancler<\/div>\n<div style=\"margin: 0 0 2px 0;\">Production: Studio Virc<\/div>\n<div style=\"margin: 0 0 15px 0;\">documentary, Slovenia, Austria, Finland, 2022, 83 min<\/div>\n<h6>Newsreel 2021 \u2013 Red Forests<\/h6>\n<div style=\"margin: 0 0 2px 0;\">Edited by: Nika Autor<\/div>\n<div style=\"margin: 0 0 2px 0;\">Production: Obzorni\u0161ka fronta<\/div>\n<div style=\"margin: 0 0 2px 0;\">documentary, Slovenia, 2022, 16 min<\/div>\n<h6>Newsreel 2021 \u2013 Here I Have Picture<\/h6>\n<div style=\"margin: 0 0 2px 0;\">Edited by: Nika Autor<\/div>\n<div style=\"margin: 0 0 2px 0;\">Production: Obzorni\u0161ka fronta<\/div>\n<div style=\"margin: 0 0 2px 0;\">documentary, Slovenia, 2022, 17 min<\/div>\n<div style=\"margin-top: 20px; font-weight: bold;\">The films will be available for free online streaming from 8th till 12th of March.<\/div><\/div>\n\t\t\t<\/div><div class=\"et_pb_button_module_wrapper et_pb_button_2_wrapper  et_pb_module \">\n\t\t\t\t<a class=\"et_pb_button et_d4_element et_pb_button_2 et_pb_bg_layout_light et_block_module\" href=\"https:\/\/fefi.si\/en\/program-2023\/now\/\">Watch the films<\/a>\n\t\t\t<\/div>\n\t\t\t<\/div>\n\t\t\t\t\n\t\t\t\t\n\t\t\t\t\n\t\t\t\t\n\t\t\t<\/div>\n\t\t\t\t\n\t\t\t\t\n\t\t\t<\/div>\n","protected":false},"excerpt":{"rendered":"","protected":false},"author":1,"featured_media":0,"parent":0,"menu_order":0,"comment_status":"closed","ping_status":"closed","template":"","meta":{"_et_pb_use_builder":"on","_et_pb_old_content":"<!-- wp:paragraph -->\n<p>This is an example page. It's different from a blog post because it will stay in one place and will show up in your site navigation (in most themes). Most people start with an About page that introduces them to potential site visitors. It might say something like this:<\/p>\n<!-- \/wp:paragraph -->\n\n<!-- wp:quote -->\n<blockquote class=\"wp-block-quote\"><p>Hi there! I'm a bike messenger by day, aspiring actor by night, and this is my website. I live in Los Angeles, have a great dog named Jack, and I like pi&#241;a coladas. (And gettin' caught in the rain.)<\/p><\/blockquote>\n<!-- \/wp:quote -->\n\n<!-- wp:paragraph -->\n<p>...or something like this:<\/p>\n<!-- \/wp:paragraph -->\n\n<!-- wp:quote -->\n<blockquote class=\"wp-block-quote\"><p>The XYZ Doohickey Company was founded in 1971, and has been providing quality doohickeys to the public ever since. Located in Gotham City, XYZ employs over 2,000 people and does all kinds of awesome things for the Gotham community.<\/p><\/blockquote>\n<!-- \/wp:quote -->\n\n<!-- wp:paragraph -->\n<p>As a new WordPress user, you should go to <a href=\"http:\/\/fefi.si\/wp-admin\/\">your dashboard<\/a> to delete this page and create new pages for your content. Have fun!<\/p>\n<!-- \/wp:paragraph -->","_et_gb_content_width":"","footnotes":""},"class_list":["post-677","page","type-page","status-publish","hentry"],"yoast_head":"<!-- This site is optimized with the Yoast SEO plugin v27.4 - https:\/\/yoast.com\/product\/yoast-seo-wordpress\/ -->\n<title>Program 2023 - FeFi - Feministi\u010dni filmski festival<\/title>\n<meta name=\"robots\" content=\"index, follow, max-snippet:-1, max-image-preview:large, max-video-preview:-1\" \/>\n<link rel=\"canonical\" href=\"https:\/\/fefi.si\/en\/program-2023\/\" \/>\n<meta property=\"og:locale\" content=\"en_US\" \/>\n<meta property=\"og:type\" content=\"article\" \/>\n<meta property=\"og:title\" content=\"Program 2023 - FeFi - Feministi\u010dni filmski festival\" \/>\n<meta property=\"og:url\" content=\"https:\/\/fefi.si\/en\/program-2023\/\" \/>\n<meta property=\"og:site_name\" content=\"FeFi - Feministi\u010dni filmski festival\" \/>\n<meta property=\"article:modified_time\" content=\"2023-03-08T00:57:06+00:00\" \/>\n<meta name=\"twitter:card\" content=\"summary_large_image\" \/>\n<meta name=\"twitter:label1\" content=\"Est. reading time\" \/>\n\t<meta name=\"twitter:data1\" content=\"3 minutes\" \/>\n<script type=\"application\/ld+json\" class=\"yoast-schema-graph\">{\"@context\":\"https:\\\/\\\/schema.org\",\"@graph\":[{\"@type\":\"WebPage\",\"@id\":\"https:\\\/\\\/fefi.si\\\/en\\\/program-2023\\\/\",\"url\":\"https:\\\/\\\/fefi.si\\\/en\\\/program-2023\\\/\",\"name\":\"Program 2023 - FeFi - Feministi\u010dni filmski festival\",\"isPartOf\":{\"@id\":\"https:\\\/\\\/fefi.si\\\/en\\\/#website\"},\"datePublished\":\"2023-03-02T18:03:24+00:00\",\"dateModified\":\"2023-03-08T00:57:06+00:00\",\"breadcrumb\":{\"@id\":\"https:\\\/\\\/fefi.si\\\/en\\\/program-2023\\\/#breadcrumb\"},\"inLanguage\":\"en-US\",\"potentialAction\":[{\"@type\":\"ReadAction\",\"target\":[\"https:\\\/\\\/fefi.si\\\/en\\\/program-2023\\\/\"]}]},{\"@type\":\"BreadcrumbList\",\"@id\":\"https:\\\/\\\/fefi.si\\\/en\\\/program-2023\\\/#breadcrumb\",\"itemListElement\":[{\"@type\":\"ListItem\",\"position\":1,\"name\":\"Home\",\"item\":\"https:\\\/\\\/fefi.si\\\/en\\\/home-2026\\\/\"},{\"@type\":\"ListItem\",\"position\":2,\"name\":\"Program 2023\"}]},{\"@type\":\"WebSite\",\"@id\":\"https:\\\/\\\/fefi.si\\\/en\\\/#website\",\"url\":\"https:\\\/\\\/fefi.si\\\/en\\\/\",\"name\":\"FeFi - Feministi\u010dni filmski festival\",\"description\":\"\",\"potentialAction\":[{\"@type\":\"SearchAction\",\"target\":{\"@type\":\"EntryPoint\",\"urlTemplate\":\"https:\\\/\\\/fefi.si\\\/en\\\/?s={search_term_string}\"},\"query-input\":{\"@type\":\"PropertyValueSpecification\",\"valueRequired\":true,\"valueName\":\"search_term_string\"}}],\"inLanguage\":\"en-US\"}]}<\/script>\n<!-- \/ Yoast SEO plugin. -->","yoast_head_json":{"title":"Program 2023 - FeFi - Feministi\u010dni filmski festival","robots":{"index":"index","follow":"follow","max-snippet":"max-snippet:-1","max-image-preview":"max-image-preview:large","max-video-preview":"max-video-preview:-1"},"canonical":"https:\/\/fefi.si\/en\/program-2023\/","og_locale":"en_US","og_type":"article","og_title":"Program 2023 - FeFi - Feministi\u010dni filmski festival","og_url":"https:\/\/fefi.si\/en\/program-2023\/","og_site_name":"FeFi - Feministi\u010dni filmski festival","article_modified_time":"2023-03-08T00:57:06+00:00","twitter_card":"summary_large_image","twitter_misc":{"Est. reading time":"3 minutes"},"schema":{"@context":"https:\/\/schema.org","@graph":[{"@type":"WebPage","@id":"https:\/\/fefi.si\/en\/program-2023\/","url":"https:\/\/fefi.si\/en\/program-2023\/","name":"Program 2023 - FeFi - Feministi\u010dni filmski festival","isPartOf":{"@id":"https:\/\/fefi.si\/en\/#website"},"datePublished":"2023-03-02T18:03:24+00:00","dateModified":"2023-03-08T00:57:06+00:00","breadcrumb":{"@id":"https:\/\/fefi.si\/en\/program-2023\/#breadcrumb"},"inLanguage":"en-US","potentialAction":[{"@type":"ReadAction","target":["https:\/\/fefi.si\/en\/program-2023\/"]}]},{"@type":"BreadcrumbList","@id":"https:\/\/fefi.si\/en\/program-2023\/#breadcrumb","itemListElement":[{"@type":"ListItem","position":1,"name":"Home","item":"https:\/\/fefi.si\/en\/home-2026\/"},{"@type":"ListItem","position":2,"name":"Program 2023"}]},{"@type":"WebSite","@id":"https:\/\/fefi.si\/en\/#website","url":"https:\/\/fefi.si\/en\/","name":"FeFi - Feministi\u010dni filmski festival","description":"","potentialAction":[{"@type":"SearchAction","target":{"@type":"EntryPoint","urlTemplate":"https:\/\/fefi.si\/en\/?s={search_term_string}"},"query-input":{"@type":"PropertyValueSpecification","valueRequired":true,"valueName":"search_term_string"}}],"inLanguage":"en-US"}]}},"_links":{"self":[{"href":"https:\/\/fefi.si\/en\/wp-json\/wp\/v2\/pages\/677","targetHints":{"allow":["GET"]}}],"collection":[{"href":"https:\/\/fefi.si\/en\/wp-json\/wp\/v2\/pages"}],"about":[{"href":"https:\/\/fefi.si\/en\/wp-json\/wp\/v2\/types\/page"}],"author":[{"embeddable":true,"href":"https:\/\/fefi.si\/en\/wp-json\/wp\/v2\/users\/1"}],"replies":[{"embeddable":true,"href":"https:\/\/fefi.si\/en\/wp-json\/wp\/v2\/comments?post=677"}],"version-history":[{"count":27,"href":"https:\/\/fefi.si\/en\/wp-json\/wp\/v2\/pages\/677\/revisions"}],"predecessor-version":[{"id":819,"href":"https:\/\/fefi.si\/en\/wp-json\/wp\/v2\/pages\/677\/revisions\/819"}],"wp:attachment":[{"href":"https:\/\/fefi.si\/en\/wp-json\/wp\/v2\/media?parent=677"}],"curies":[{"name":"wp","href":"https:\/\/api.w.org\/{rel}","templated":true}]}}