{"id":555,"date":"2022-03-07T09:18:59","date_gmt":"2022-03-07T08:18:59","guid":{"rendered":"https:\/\/fefi.si\/?page_id=555"},"modified":"2022-03-08T18:37:09","modified_gmt":"2022-03-08T17:37:09","slug":"fresh","status":"publish","type":"page","link":"https:\/\/fefi.si\/en\/program-2022\/fresh\/","title":{"rendered":"Fresh"},"content":{"rendered":"<div class=\"et_d4_element et_pb_section et_pb_section_0 et_pb_with_background  et_pb_css_mix_blend_mode et_section_regular et_block_section\" >\n\t\t\t\t\n\t\t\t\t\n\t\t\t\t\n\t\t\t\t\n\t\t\t\t\n\t\t\t\t\n\t\t\t\t<div class=\"et_d4_element et_pb_row et_pb_row_0  et_pb_css_mix_blend_mode et_block_row\">\n\t\t\t\t<div class=\"et_d4_element et_pb_column_4_4 et_pb_column et_pb_column_0  et_pb_css_mix_blend_mode et-last-child et_block_column\">\n\t\t\t\t\n\t\t\t\t\n\t\t\t\t\n\t\t\t\t\n\t\t\t\t<div class=\"et_pb_module et_d4_element et_pb_text et_pb_text_0  et_pb_text_align_left et_pb_bg_layout_light\">\n\t\t\t\t\n\t\t\t\t\n\t\t\t\t\n\t\t\t\t\n\t\t\t\t<div class=\"et_pb_text_inner\"><h2>Fresh<\/h2>\n<p>The films will be available for free online streaming from 8th till 13th of March.<\/div>\n\t\t\t<\/div><div class=\"et_pb_module et_d4_element et_pb_text et_pb_text_1  et_pb_text_align_left et_pb_bg_layout_light\">\n\t\t\t\t\n\t\t\t\t\n\t\t\t\t\n\t\t\t\t\n\t\t\t\t<div class=\"et_pb_text_inner\"><table style=\"border: 1px solid #000000;\">\n<tbody>\n<tr>\n<td>Home (Mal)<\/td>\n<td><a href=\"https:\/\/bsf.si\/en\/fefi-2022\/fresh\/#festivalvideo_video-1\" target=\"_blank\" class=\"popup \" rel=\"noopener\">Ogled filma<span class=\"et-pb-icon\" style=\"font-size: 20px; position: relative; top: 3px;\">E<\/span><\/a><\/td>\n<\/tr>\n<tr>\n<td>My Name Is On a Stone (Nav\u00ea Min Li Ser Kevirek\u00ee Ye)<\/td>\n<td><a href=\"https:\/\/bsf.si\/en\/fefi-2022\/fresh\/#festivalvideo_video-2\" target=\"_blank\" class=\"popup\" rel=\"noopener\">Ogled filma<span class=\"et-pb-icon\" style=\"font-size: 20px; position: relative; top: 3px;\">E<\/span><\/a><\/td>\n<\/tr>\n<tr>\n<td>Kobane<\/td>\n<td><a href=\"https:\/\/bsf.si\/en\/fefi-2022\/fresh\/#festivalvideo_video-3\" target=\"_blank\" class=\"popup\" rel=\"noopener\">Ogled filma<span class=\"et-pb-icon\" style=\"font-size: 20px; position: relative; top: 3px;\">E<\/span><\/a><\/td>\n<\/tr>\n<\/tbody>\n<\/table><\/div>\n\t\t\t<\/div>\n\t\t\t<\/div>\n\t\t\t\t\n\t\t\t\t\n\t\t\t\t\n\t\t\t\t\n\t\t\t<\/div><div class=\"et_d4_element et_pb_row et_pb_row_1  et_pb_css_mix_blend_mode et_block_row\">\n\t\t\t\t<div class=\"et_d4_element et_pb_column_4_4 et_pb_column et_pb_column_1  et_pb_css_mix_blend_mode et-last-child et_block_column\">\n\t\t\t\t\n\t\t\t\t\n\t\t\t\t\n\t\t\t\t\n\t\t\t\t<div class=\"et_pb_module et_d4_element et_pb_text et_pb_text_2  et_pb_text_align_left et_pb_bg_layout_light\">\n\t\t\t\t\n\t\t\t\t\n\t\t\t\t\n\t\t\t\t\n\t\t\t\t<div class=\"et_pb_text_inner\"><h4>Film Commune of Rojava (Kom\u00eena F\u00eelm a Rojava)<\/h4><\/div>\n\t\t\t<\/div><div class=\"et_pb_module et_d4_element et_pb_image et_pb_image_0\">\n\t\t\t\t\n\t\t\t\t\n\t\t\t\t\n\t\t\t\t\n\t\t\t\t<span class=\"et_pb_image_wrap \"><img loading=\"lazy\" decoding=\"async\" width=\"960\" height=\"680\" src=\"https:\/\/fefi.si\/wp-content\/uploads\/2022\/03\/komina-film-rojava.jpg\" alt=\"SYNCHRONIZATION\" title=\"komina film rojava\" srcset=\"https:\/\/fefi.si\/wp-content\/uploads\/2022\/03\/komina-film-rojava.jpg 960w, https:\/\/fefi.si\/wp-content\/uploads\/2022\/03\/komina-film-rojava-480x340.jpg 480w\" sizes=\"(min-width: 0px) and (max-width: 480px) 480px, (min-width: 481px) 960px, 100vw\" class=\"wp-image-611\" \/><\/span>\n\t\t\t<\/div><div class=\"et_pb_module et_d4_element et_pb_text et_pb_text_3  et_pb_text_align_left et_pb_bg_layout_light\">\n\t\t\t\t\n\t\t\t\t\n\t\t\t\t\n\t\t\t\t\n\t\t\t\t<div class=\"et_pb_text_inner\"><b>Home (Mal) <\/b><br \/>\nDirected and written by: Sevinaz Evdik\u00ea<br \/>\nfiction, Autonomous Administration of North and East Syria, 2019, 10'<\/p>\n<p>Sara is eight years old and lives alone in Raqqa, a city devastated by war. As society tries to deal with the consequences of extreme violence, she finds a peculiar way to survive: she collects grenades and scrap metal from the rubble and sells them in exchange for food and clothing. The exchange of a grenade for a pair of gloves leads to a dramatic situation when night falls.<\/div>\n\t\t\t<\/div><div class=\"et_pb_module et_d4_element et_pb_divider et_pb_divider_0 et_pb_space\"><div class=\"et_pb_divider_internal\"><\/div><\/div>\n\t\t\t<\/div>\n\t\t\t\t\n\t\t\t\t\n\t\t\t\t\n\t\t\t\t\n\t\t\t<\/div><div class=\"et_d4_element et_pb_row et_pb_row_2  et_pb_css_mix_blend_mode et_block_row\">\n\t\t\t\t<div class=\"et_d4_element et_pb_column_4_4 et_pb_column et_pb_column_2  et_pb_css_mix_blend_mode et-last-child et_block_column\">\n\t\t\t\t\n\t\t\t\t\n\t\t\t\t\n\t\t\t\t\n\t\t\t\t<div class=\"et_pb_module et_d4_element et_pb_text et_pb_text_4  et_pb_text_align_left et_pb_bg_layout_light\">\n\t\t\t\t\n\t\t\t\t\n\t\t\t\t\n\t\t\t\t\n\t\t\t\t<div class=\"et_pb_text_inner\"><b>My Name Is On a Stone (Nav\u00ea Min Li Ser Kevirek\u00ee Ye)<\/b><br \/>\nDirected and written by: Be\u015fa S\u020bnema (Akadimiya \u015e.Yekta Herekol)<br \/>\ndocumentary, Autonomous Administration of North and East Syria, 2021, 9'47''<\/div>\n\t\t\t<\/div><div class=\"et_pb_module et_d4_element et_pb_divider et_pb_divider_1 et_pb_space\"><div class=\"et_pb_divider_internal\"><\/div><\/div>\n\t\t\t<\/div>\n\t\t\t\t\n\t\t\t\t\n\t\t\t\t\n\t\t\t\t\n\t\t\t<\/div><div class=\"et_d4_element et_pb_row et_pb_row_3  et_pb_css_mix_blend_mode et_block_row\">\n\t\t\t\t<div class=\"et_d4_element et_pb_column_4_4 et_pb_column et_pb_column_3  et_pb_css_mix_blend_mode et-last-child et_block_column\">\n\t\t\t\t\n\t\t\t\t\n\t\t\t\t\n\t\t\t\t\n\t\t\t\t<div class=\"et_pb_module et_d4_element et_pb_text et_pb_text_5  et_pb_text_align_left et_pb_bg_layout_light\">\n\t\t\t\t\n\t\t\t\t\n\t\t\t\t\n\t\t\t\t\n\t\t\t\t<div class=\"et_pb_text_inner\"><b>Kobane<\/b><br \/>\nDirected and written by: Z\u020blan Hemo<br \/>\nfiction, Autonomous Administration of North and East Syria, 2021, 6'18''<\/div>\n\t\t\t<\/div><div class=\"et_pb_module et_d4_element et_pb_text et_pb_text_6  et_pb_text_align_left et_pb_bg_layout_light\">\n\t\t\t\t\n\t\t\t\t\n\t\t\t\t\n\t\t\t\t\n\t\t\t\t<div class=\"et_pb_text_inner\"><p>Film Commune of Rojava is a collective of filmmakers founded in 2015, based in the autonomous region of `Rojava` in the Democratic Federation of Northern Syria. The commune is actively working in the region to rebuild and reorganise the infrastructures of filmmaking and film education. In the last years, it has educated a new generation of Rojava filmmakers, organized screenings in cities and villages and produced films. The Commune works to represent the values and ideals of the Rojava Revolution, but also to mediate and depict the daily struggles in the Syrian civil war and Rojava\u2019s collective attempt to build a new society.<\/p><\/div>\n\t\t\t<\/div><div class=\"et_pb_module et_d4_element et_pb_divider et_pb_divider_2 et_pb_space\"><div class=\"et_pb_divider_internal\"><\/div><\/div>\n\t\t\t<\/div>\n\t\t\t\t\n\t\t\t\t\n\t\t\t\t\n\t\t\t\t\n\t\t\t<\/div><div class=\"et_d4_element et_pb_row et_pb_row_4  et_pb_css_mix_blend_mode et_block_row\">\n\t\t\t\t<div class=\"et_d4_element et_pb_column_4_4 et_pb_column et_pb_column_4  et_pb_css_mix_blend_mode et-last-child et_block_column\">\n\t\t\t\t\n\t\t\t\t\n\t\t\t\t\n\t\t\t\t\n\t\t\t\t<div class=\"et_pb_module et_d4_element et_pb_text et_pb_text_7  et_pb_text_align_left et_pb_bg_layout_light\">\n\t\t\t\t\n\t\t\t\t\n\t\t\t\t\n\t\t\t\t\n\t\t\t\t<div class=\"et_pb_text_inner\"><h4>GRRL HAUS CINEMA<\/h4><\/div>\n\t\t\t<\/div><div class=\"et_pb_module et_d4_element et_pb_image et_pb_image_2\">\n\t\t\t\t\n\t\t\t\t\n\t\t\t\t\n\t\t\t\t\n\t\t\t\t<span class=\"et_pb_image_wrap \"><img loading=\"lazy\" decoding=\"async\" width=\"1024\" height=\"682\" src=\"https:\/\/fefi.si\/wp-content\/uploads\/2022\/03\/Frisno_GRRL-HAUS-CINEMA-1024x682.jpg\" alt=\"washed.\" title=\"Fri\u0161no_GRRL HAUS CINEMA\" srcset=\"https:\/\/fefi.si\/wp-content\/uploads\/2022\/03\/Frisno_GRRL-HAUS-CINEMA-980x653.jpg 980w, https:\/\/fefi.si\/wp-content\/uploads\/2022\/03\/Frisno_GRRL-HAUS-CINEMA-480x320.jpg 480w\" sizes=\"(min-width: 0px) and (max-width: 480px) 480px, (min-width: 481px) and (max-width: 980px) 980px, (min-width: 981px) 1024px, 100vw\" class=\"wp-image-580\" \/><\/span>\n\t\t\t<\/div><div class=\"et_pb_module et_d4_element et_pb_text et_pb_text_8  et_pb_text_align_left et_pb_bg_layout_light\">\n\t\t\t\t\n\t\t\t\t\n\t\t\t\t\n\t\t\t\t\n\t\t\t\t<div class=\"et_pb_text_inner\"><b>Not Your Ordinary Sister<\/b><br \/>\nMa\u0161a Zia Len\u00e1rdi\u010d and Anja Wutej (Slovenia) 4'20''<\/p>\n<p>Comedy, satire ''Not Your Ordinary Sister'' is a queer satire which, in a witty yet direct way, addresses both the startling popularity of lesbian vampire films as well as the lack of proper representation in queer cinema on the subject of queerness within the conservative and patriarchal religious organizations (lesbian nuns \/ lesbian ex-nuns).<\/p>\n<p>Ma\u0161a Zia Len\u00e1rdi\u010d and Anja Wutej are self-taught filmmakers born in Slovenia, where Anja graduated from Faculty of Arts and Ma\u0161a from Faculty of Criminal Justice and Security. In 2013, they moved to Berlin, Germany where they now live, work and create. Together, they have created 6 independent queer films - ''Take It \/ Break It'' (2011), ''(A)Typical Couple'' (2012), ''Queer Artivism'' (2013), ''Disconnected'' (2018), ''Not Your Ordinary Sister'' (2019) and ''Pussy Cruising'' (2021) - which have so far been screened at more than 170 international film festivals all around the world.<\/p>\n<div style=\"padding: 56.25% 0 0 0; position: relative;\"><iframe src=\"https:\/\/player.vimeo.com\/video\/685163896?h=ee920bd81a&amp;badge=0&amp;autopause=0&amp;player_id=0&amp;app_id=58479\" frameborder=\"0\" allow=\"autoplay; fullscreen; picture-in-picture\" allowfullscreen=\"\" style=\"position: absolute; top: 0; left: 0; width: 100%; height: 100%;\" title=\"Not Your Ordinary Sister - Ma&amp;scaron;a Zia Len&amp;aacute;rdi\u010d and Anja Wutej (Slovenia) 4:20 Comedy, satire\"><\/iframe><\/div>\n<p><script src=\"\u201chttps:\/\/player.vimeo.com\/api\/player.js&quot;\"><\/script><\/div>\n\t\t\t<\/div><div class=\"et_pb_module et_d4_element et_pb_text et_pb_text_9  et_pb_text_align_left et_pb_bg_layout_light\">\n\t\t\t\t\n\t\t\t\t\n\t\t\t\t\n\t\t\t\t\n\t\t\t\t<div class=\"et_pb_text_inner\"><b>Letter To My Mother<\/b><br \/>\nAmina Maher (Iran, Germany) 19'33''<\/p>\n<p>Experimental. Documentary. In a bold and heartfelt cinematic letter to her mother, Amina Maher reveals the most painful of childhood secrets. The film explores gender confusion, sexuality, guilt and repression in relation with violence and identity. \u201cLetter to my Mother\u201d is a means for survival, a way to stand, speak up and understand. It is an attempt to break taboos and push boundaries \u2013 both social and personal, and to create life and art out of the darkest experiences.<\/p>\n<p>Amina Maher (b. Tehran, 1992) is an Iranian queer filmmaker whose works deal with themes of social taboos and gender-identity in relation to violence and power structure. She began her cinematic activity as the main protagonist in Abbas Kiarostami's \"Ten\u201d which featured the reallife relationship between Amina and her mother. Her first short film was Sweet Gin and Cold Wine, followed by Orange. Her multi-awarded short film, Letter to my mother, was part of the competition at numerous international film festivals such as 36th Kasseler Dokfest, 35th Lovers Film Festival, 34th Mix Milano Film Festival and 26th Cheries Cheris, LGBTQIA+ Film Festival, Paris. Among numerous reviews, the film was described as a means for survival, a way to stand up and to understand \u2013 a fearless and strong examination that touches upon the centre of the pain and dares to look precisely. \u064eAmina currently studies her MA in directing at Babelsberg University Konrad Wolf.<\/p>\n<div style=\"padding: 56.25% 0 0 0; position: relative;\"><iframe src=\"https:\/\/player.vimeo.com\/video\/685176832?h=53c456b5bf&amp;badge=0&amp;autopause=0&amp;player_id=0&amp;app_id=58479\" frameborder=\"0\" allow=\"autoplay; fullscreen; picture-in-picture\" allowfullscreen=\"\" style=\"position: absolute; top: 0; left: 0; width: 100%; height: 100%;\" title=\"Letter To My Mother - Amina Maher (Iran, Germany) 19.33 Experimental, Documentary\"><\/iframe><\/div>\n<p><script src=\"https:\/\/player.vimeo.com\/api\/player.js\"><\/script><\/div>\n\t\t\t<\/div><div class=\"et_pb_module et_d4_element et_pb_text et_pb_text_10  et_pb_text_align_left et_pb_bg_layout_light\">\n\t\t\t\t\n\t\t\t\t\n\t\t\t\t\n\t\t\t\t\n\t\t\t\t<div class=\"et_pb_text_inner\"><b>Ein Moment in Berlin<\/b><br \/>\nKelly McKay (Germany) 4'44''<\/p>\n<p>Experimental. A visual reverie of filmmaker Kelly McKay, experimenting with the realities and abstractions of liberation during the end of the COVID-19 epidemic. Kelly McKay is a director and producer born in Detroit, MI. She became interested in filmmaking from an early age through experimenting with various camera and cutting techniques. After graduating from the Savannah College of Art in Design in Savannah, Georgia, she moved 4 hours north to Atlanta to work in the US feature film industry before relocating to Germany to take part in the European film industry. She is now probably drinking tea somewhere in Berlin.<\/p>\n<div style=\"padding: 56.25% 0 0 0; position: relative;\"><iframe src=\"https:\/\/player.vimeo.com\/video\/685406448?h=8c09add2d9&amp;badge=0&amp;autopause=0&amp;player_id=0&amp;app_id=58479\" frameborder=\"0\" allow=\"autoplay; fullscreen; picture-in-picture\" allowfullscreen=\"\" style=\"position: absolute; top: 0; left: 0; width: 100%; height: 100%;\" title=\"Ein Moment in Berlin - Kelly McKay (Germany) 4.44 Experimental\"><\/iframe><\/div>\n<p><script src=\"https:\/\/player.vimeo.com\/api\/player.js\"><\/script><\/div>\n\t\t\t<\/div><div class=\"et_pb_module et_d4_element et_pb_text et_pb_text_11  et_pb_text_align_left et_pb_bg_layout_light\">\n\t\t\t\t\n\t\t\t\t\n\t\t\t\t\n\t\t\t\t\n\t\t\t\t<div class=\"et_pb_text_inner\"><b>Guacamole is not my favorite<\/b><br \/>\nCheyenne Harvey (United States) 7'13''<\/p>\n<p>Experimental. A rumination on self and family, Guacamole is not my favorite confronts the artist's experience of being a sister, a daughter and a friend.<br \/>\nCheyenne Harvey is a queer, asexual, afro-caribbean american, cis woman. She is a writer, performer, community organizer and filmmaker based in Boston and Northern Vermont, in the U.S. She has written film reviews, created public art installations, performed live on stage, and screened her films at various venues in Boston and around the U.S. In her personal and professional life she is fascinated by history, energized by collaborative exploration, and guided by a quest for social justice.<\/p>\n<div style=\"padding: 56.25% 0 0 0; position: relative;\"><iframe src=\"https:\/\/player.vimeo.com\/video\/685411441?h=f5ae671713&amp;badge=0&amp;autopause=0&amp;player_id=0&amp;app_id=58479\" frameborder=\"0\" allow=\"autoplay; fullscreen; picture-in-picture\" allowfullscreen=\"\" style=\"position: absolute; top: 0; left: 0; width: 100%; height: 100%;\" title=\"Guacamole is not my favorite - Cheyenne Harvey (United States) 7.13 Experimental\"><\/iframe><\/div>\n<p><script src=\"https:\/\/player.vimeo.com\/api\/player.js\"><\/script><\/div>\n\t\t\t<\/div><div class=\"et_pb_module et_d4_element et_pb_text et_pb_text_12  et_pb_text_align_left et_pb_bg_layout_light\">\n\t\t\t\t\n\t\t\t\t\n\t\t\t\t\n\t\t\t\t\n\t\t\t\t<div class=\"et_pb_text_inner\"><b>Tippi at Squam Lake<\/b><br \/>\nAlison Folland, Daphna Mero, Jenny Plante (United States) 2'57''<\/p>\n<p>Experimental. Tippi at Squam Lake is a study of repetition and the male gaze. It incorporates real audio from Tippi Hedren\u2019s audition for Alfred Hitchcock with reimagined scenes.<br \/>\nAlison Folland is an performer and filmmaker based in Cambridge, MA. As an actress she has played leading and featured roles in over a dozen films, working with directors such as Gus Van Sant, Barbet Schroeder, and David O. Russell. Alison studied film production at Tisch School of the Arts and Massachusetts College of Art and Design, where she earned an MFA in film\/video art in 2015. Her short film \"Spiti\" premiered at the 2016 Athens International Film Festival in Athens, Greece. Daphna Mero is a film director, choreographer and a professional dancer who splits her time between New York and Jerusalem. She holds a B.Dance from the Jerusalem Academy of Music and Dance, a film diploma from Minshar for Art, Tel-Aviv and MFA in Film\/Video from MassArt, Boston. Her work draws inspiration from locations, spaces, and sites. They deal with the human experience via a novel medium, which incorporates visual art and dance. Her short experimental films have been screened in film festivals around the world, and she has won many awards and prizes for her work. Jenny Plante is a filmmaker based out of Rhode Island. She has a BA in film production from Keene State College and an MFA in film\/video production from Massachusetts College of Art. Jenny has exhibited her work at numerous film festivals. Her work is strongly influenced by pop culture and film history.<\/p>\n<div style=\"padding: 56.25% 0 0 0; position: relative;\"><iframe src=\"https:\/\/player.vimeo.com\/video\/685408562?h=739cf9c9ac&amp;badge=0&amp;autopause=0&amp;player_id=0&amp;app_id=58479\" frameborder=\"0\" allow=\"autoplay; fullscreen; picture-in-picture\" allowfullscreen=\"\" style=\"position: absolute; top: 0; left: 0; width: 100%; height: 100%;\" title=\"Tippi at Squam Lake - Alison Folland, Daphna Mero, Jenny Plante (United States) 2.57 Experimental\"><\/iframe><\/div>\n<p><script src=\"https:\/\/player.vimeo.com\/api\/player.js\"><\/script><\/div>\n\t\t\t<\/div><div class=\"et_pb_module et_d4_element et_pb_divider et_pb_divider_3 et_pb_space\"><div class=\"et_pb_divider_internal\"><\/div><\/div>\n\t\t\t<\/div>\n\t\t\t\t\n\t\t\t\t\n\t\t\t\t\n\t\t\t\t\n\t\t\t<\/div><div class=\"et_d4_element et_pb_row et_pb_row_5  et_pb_css_mix_blend_mode et_block_row\">\n\t\t\t\t<div class=\"et_d4_element et_pb_column_4_4 et_pb_column et_pb_column_5  et_pb_css_mix_blend_mode et-last-child et_block_column\">\n\t\t\t\t\n\t\t\t\t\n\t\t\t\t\n\t\t\t\t\n\t\t\t\t<div class=\"et_pb_module et_d4_element et_pb_text et_pb_text_13  et_pb_text_align_left et_pb_bg_layout_light\">\n\t\t\t\t\n\t\t\t\t\n\t\t\t\t\n\t\t\t\t\n\t\t\t\t<div class=\"et_pb_text_inner\"><h4>AVTORICE:<\/h4><\/div>\n\t\t\t<\/div><div class=\"et_pb_module et_d4_element et_pb_text et_pb_text_14  et_pb_text_align_left et_pb_bg_layout_light\">\n\t\t\t\t\n\t\t\t\t\n\t\t\t\t\n\t\t\t\t\n\t\t\t\t<div class=\"et_pb_text_inner\"><strong>Sevinaz Evdik\u00ea<\/strong> is a director, producer and screenwriter from Rojava, Syria. She studied film at the Diyarbakir Film Academy, Kurdistan. As a thesis she directed her first short film Birth. In 2015 she joined Kom\u00eena F\u00eelm a Rojava, and works as co-chair, director, assistant director, producer and art director. She teaches screenwriting and art at the Rojava Film Academy and is co-founder of the Kobane International Film Festival.<\/p>\n<p>More at: <a href=\"https:\/\/www.facebook.com\/rojavafilmcommune\" target=\"_blank\" rel=\"noopener\">https:\/\/www.facebook.com\/rojavafilmcommune<\/a><\/div>\n\t\t\t<\/div><div class=\"et_pb_module et_d4_element et_pb_divider et_pb_divider_4 et_pb_space\"><div class=\"et_pb_divider_internal\"><\/div><\/div>\n\t\t\t<\/div>\n\t\t\t\t\n\t\t\t\t\n\t\t\t\t\n\t\t\t\t\n\t\t\t<\/div>\n\t\t\t\t\n\t\t\t\t\n\t\t\t<\/div>\n","protected":false},"excerpt":{"rendered":"","protected":false},"author":1,"featured_media":0,"parent":551,"menu_order":0,"comment_status":"closed","ping_status":"closed","template":"","meta":{"_et_pb_use_builder":"on","_et_pb_old_content":"","_et_gb_content_width":"","footnotes":""},"class_list":["post-555","page","type-page","status-publish","hentry"],"yoast_head":"<!-- This site is optimized with the Yoast SEO plugin v27.4 - https:\/\/yoast.com\/product\/yoast-seo-wordpress\/ -->\n<title>Fresh - FeFi - Feministi\u010dni filmski festival<\/title>\n<meta name=\"robots\" content=\"index, follow, max-snippet:-1, max-image-preview:large, max-video-preview:-1\" \/>\n<link rel=\"canonical\" href=\"https:\/\/fefi.si\/en\/program-2022\/fresh\/\" \/>\n<meta property=\"og:locale\" content=\"en_US\" \/>\n<meta property=\"og:type\" content=\"article\" \/>\n<meta property=\"og:title\" content=\"Fresh - FeFi - Feministi\u010dni filmski festival\" \/>\n<meta property=\"og:url\" content=\"https:\/\/fefi.si\/en\/program-2022\/fresh\/\" \/>\n<meta property=\"og:site_name\" content=\"FeFi - Feministi\u010dni filmski festival\" \/>\n<meta property=\"article:modified_time\" content=\"2022-03-08T17:37:09+00:00\" \/>\n<meta name=\"twitter:card\" content=\"summary_large_image\" \/>\n<script type=\"application\/ld+json\" class=\"yoast-schema-graph\">{\"@context\":\"https:\\\/\\\/schema.org\",\"@graph\":[{\"@type\":\"WebPage\",\"@id\":\"https:\\\/\\\/fefi.si\\\/en\\\/program-2022\\\/fresh\\\/\",\"url\":\"https:\\\/\\\/fefi.si\\\/en\\\/program-2022\\\/fresh\\\/\",\"name\":\"Fresh - FeFi - Feministi\u010dni filmski festival\",\"isPartOf\":{\"@id\":\"https:\\\/\\\/fefi.si\\\/en\\\/#website\"},\"datePublished\":\"2022-03-07T08:18:59+00:00\",\"dateModified\":\"2022-03-08T17:37:09+00:00\",\"breadcrumb\":{\"@id\":\"https:\\\/\\\/fefi.si\\\/en\\\/program-2022\\\/fresh\\\/#breadcrumb\"},\"inLanguage\":\"en-US\",\"potentialAction\":[{\"@type\":\"ReadAction\",\"target\":[\"https:\\\/\\\/fefi.si\\\/en\\\/program-2022\\\/fresh\\\/\"]}]},{\"@type\":\"BreadcrumbList\",\"@id\":\"https:\\\/\\\/fefi.si\\\/en\\\/program-2022\\\/fresh\\\/#breadcrumb\",\"itemListElement\":[{\"@type\":\"ListItem\",\"position\":1,\"name\":\"Home\",\"item\":\"https:\\\/\\\/fefi.si\\\/en\\\/home-2026\\\/\"},{\"@type\":\"ListItem\",\"position\":2,\"name\":\"Program 2022\",\"item\":\"https:\\\/\\\/fefi.si\\\/en\\\/program-2022\\\/\"},{\"@type\":\"ListItem\",\"position\":3,\"name\":\"Fresh\"}]},{\"@type\":\"WebSite\",\"@id\":\"https:\\\/\\\/fefi.si\\\/en\\\/#website\",\"url\":\"https:\\\/\\\/fefi.si\\\/en\\\/\",\"name\":\"FeFi - Feministi\u010dni filmski festival\",\"description\":\"\",\"potentialAction\":[{\"@type\":\"SearchAction\",\"target\":{\"@type\":\"EntryPoint\",\"urlTemplate\":\"https:\\\/\\\/fefi.si\\\/en\\\/?s={search_term_string}\"},\"query-input\":{\"@type\":\"PropertyValueSpecification\",\"valueRequired\":true,\"valueName\":\"search_term_string\"}}],\"inLanguage\":\"en-US\"}]}<\/script>\n<!-- \/ Yoast SEO plugin. -->","yoast_head_json":{"title":"Fresh - FeFi - Feministi\u010dni filmski festival","robots":{"index":"index","follow":"follow","max-snippet":"max-snippet:-1","max-image-preview":"max-image-preview:large","max-video-preview":"max-video-preview:-1"},"canonical":"https:\/\/fefi.si\/en\/program-2022\/fresh\/","og_locale":"en_US","og_type":"article","og_title":"Fresh - FeFi - Feministi\u010dni filmski festival","og_url":"https:\/\/fefi.si\/en\/program-2022\/fresh\/","og_site_name":"FeFi - Feministi\u010dni filmski festival","article_modified_time":"2022-03-08T17:37:09+00:00","twitter_card":"summary_large_image","schema":{"@context":"https:\/\/schema.org","@graph":[{"@type":"WebPage","@id":"https:\/\/fefi.si\/en\/program-2022\/fresh\/","url":"https:\/\/fefi.si\/en\/program-2022\/fresh\/","name":"Fresh - FeFi - Feministi\u010dni filmski festival","isPartOf":{"@id":"https:\/\/fefi.si\/en\/#website"},"datePublished":"2022-03-07T08:18:59+00:00","dateModified":"2022-03-08T17:37:09+00:00","breadcrumb":{"@id":"https:\/\/fefi.si\/en\/program-2022\/fresh\/#breadcrumb"},"inLanguage":"en-US","potentialAction":[{"@type":"ReadAction","target":["https:\/\/fefi.si\/en\/program-2022\/fresh\/"]}]},{"@type":"BreadcrumbList","@id":"https:\/\/fefi.si\/en\/program-2022\/fresh\/#breadcrumb","itemListElement":[{"@type":"ListItem","position":1,"name":"Home","item":"https:\/\/fefi.si\/en\/home-2026\/"},{"@type":"ListItem","position":2,"name":"Program 2022","item":"https:\/\/fefi.si\/en\/program-2022\/"},{"@type":"ListItem","position":3,"name":"Fresh"}]},{"@type":"WebSite","@id":"https:\/\/fefi.si\/en\/#website","url":"https:\/\/fefi.si\/en\/","name":"FeFi - Feministi\u010dni filmski festival","description":"","potentialAction":[{"@type":"SearchAction","target":{"@type":"EntryPoint","urlTemplate":"https:\/\/fefi.si\/en\/?s={search_term_string}"},"query-input":{"@type":"PropertyValueSpecification","valueRequired":true,"valueName":"search_term_string"}}],"inLanguage":"en-US"}]}},"_links":{"self":[{"href":"https:\/\/fefi.si\/en\/wp-json\/wp\/v2\/pages\/555","targetHints":{"allow":["GET"]}}],"collection":[{"href":"https:\/\/fefi.si\/en\/wp-json\/wp\/v2\/pages"}],"about":[{"href":"https:\/\/fefi.si\/en\/wp-json\/wp\/v2\/types\/page"}],"author":[{"embeddable":true,"href":"https:\/\/fefi.si\/en\/wp-json\/wp\/v2\/users\/1"}],"replies":[{"embeddable":true,"href":"https:\/\/fefi.si\/en\/wp-json\/wp\/v2\/comments?post=555"}],"version-history":[{"count":6,"href":"https:\/\/fefi.si\/en\/wp-json\/wp\/v2\/pages\/555\/revisions"}],"predecessor-version":[{"id":630,"href":"https:\/\/fefi.si\/en\/wp-json\/wp\/v2\/pages\/555\/revisions\/630"}],"up":[{"embeddable":true,"href":"https:\/\/fefi.si\/en\/wp-json\/wp\/v2\/pages\/551"}],"wp:attachment":[{"href":"https:\/\/fefi.si\/en\/wp-json\/wp\/v2\/media?parent=555"}],"curies":[{"name":"wp","href":"https:\/\/api.w.org\/{rel}","templated":true}]}}