{"id":551,"date":"2022-03-07T09:11:24","date_gmt":"2022-03-07T08:11:24","guid":{"rendered":"https:\/\/fefi.si\/?page_id=551"},"modified":"2022-03-08T18:47:11","modified_gmt":"2022-03-08T17:47:11","slug":"program-2022","status":"publish","type":"page","link":"https:\/\/fefi.si\/en\/program-2022\/","title":{"rendered":"Program 2022"},"content":{"rendered":"<div class=\"et_d4_element et_pb_section et_pb_section_0 et_pb_with_background  et_pb_css_mix_blend_mode et_section_regular et_block_section\" >\n\t\t\t\t\n\t\t\t\t\n\t\t\t\t\n\t\t\t\t\n\t\t\t\t\n\t\t\t\t\n\t\t\t\t<div class=\"et_d4_element et_pb_row et_pb_row_0  et_pb_css_mix_blend_mode et_block_row\">\n\t\t\t\t<div class=\"et_d4_element et_pb_column_1_3 et_pb_column et_pb_column_0  et_pb_css_mix_blend_mode et_block_column\">\n\t\t\t\t\n\t\t\t\t\n\t\t\t\t\n\t\t\t\t\n\t\t\t\t<div class=\"et_pb_module et_d4_element et_pb_image et_pb_image_0\">\n\t\t\t\t\n\t\t\t\t\n\t\t\t\t\n\t\t\t\t\n\t\t\t\t<a href=\"https:\/\/fefi.si\/en\/program-2022\/fresh\/\"><span class=\"et_pb_image_wrap \"><img loading=\"lazy\" decoding=\"async\" width=\"300\" height=\"188\" src=\"https:\/\/fefi.si\/wp-content\/uploads\/2022\/03\/Rojava-1-300x188.jpg\" alt=\"\" title=\"Rojava\" class=\"wp-image-532\" \/><\/span><\/a>\n\t\t\t<\/div><div class=\"et_pb_module et_d4_element et_pb_text et_pb_text_0  et_pb_text_align_left et_pb_bg_layout_light\">\n\t\t\t\t\n\t\t\t\t\n\t\t\t\t\n\t\t\t\t\n\t\t\t\t<div class=\"et_pb_text_inner\"><h2>Fresh<\/h2>\n<h6>from 8th till 13th of March<\/h6><\/div>\n\t\t\t<\/div><div class=\"et_pb_module et_d4_element et_pb_text et_pb_text_1  et_pb_text_align_left et_pb_bg_layout_light\">\n\t\t\t\t\n\t\t\t\t\n\t\t\t\t\n\t\t\t\t\n\t\t\t\t<div class=\"et_pb_text_inner\"><h6>Ro\u017eavska filmska komuna<\/h6>\n<div style=\"margin: 0 0 2px 0; font-weight: bold;\">Home<\/div>\n<div style=\"margin: 0 0 2px 0; font-weight: bold;\">My Name Is On a Stone<\/div>\n<div style=\"margin: 0 0 15px 0; font-weight: bold;\">Kobane<\/div>\n<h6>GRRL HAUS CINEMA<\/h6>\n<div style=\"margin: 0 0 2px 0; font-weight: bold;\">Not Your Ordinary Sister<\/div>\n<div style=\"margin: 0 0 2px 0; font-weight: bold;\">Letter To My Mother<\/div>\n<div style=\"margin: 0 0 2px 0; font-weight: bold;\">Ein Moment in Berlin<\/div>\n<div style=\"margin: 0 0 2px 0; font-weight: bold;\">Guacamole is not my favorite<\/div>\n<div style=\"margin: 0 0 2px 0; font-weight: bold;\">Tippi at Squam Lake<\/div><\/div>\n\t\t\t<\/div><div class=\"et_pb_button_module_wrapper et_pb_button_0_wrapper  et_pb_module \">\n\t\t\t\t<a class=\"et_pb_button et_d4_element et_pb_button_0 et_pb_bg_layout_light et_block_module\" href=\"https:\/\/fefi.si\/en\/program-2022\/fresh\/\">Watch the films<\/a>\n\t\t\t<\/div>\n\t\t\t<\/div><div class=\"et_d4_element et_pb_column_1_3 et_pb_column et_pb_column_1  et_pb_css_mix_blend_mode et_block_column\">\n\t\t\t\t\n\t\t\t\t\n\t\t\t\t\n\t\t\t\t\n\t\t\t\t<div class=\"et_pb_module et_d4_element et_pb_image et_pb_image_1\">\n\t\t\t\t\n\t\t\t\t\n\t\t\t\t\n\t\t\t\t\n\t\t\t\t<a href=\"https:\/\/fefi.si\/en\/program-2022\/retro\/\"><span class=\"et_pb_image_wrap \"><img loading=\"lazy\" decoding=\"async\" width=\"300\" height=\"188\" src=\"https:\/\/fefi.si\/wp-content\/uploads\/2022\/03\/Varuh_meje_1-1-300x188.jpg\" alt=\"\" title=\"Varuh_meje_1\" class=\"wp-image-534\" \/><\/span><\/a>\n\t\t\t<\/div><div class=\"et_pb_module et_d4_element et_pb_text et_pb_text_2  et_pb_text_align_left et_pb_bg_layout_light\">\n\t\t\t\t\n\t\t\t\t\n\t\t\t\t\n\t\t\t\t\n\t\t\t\t<div class=\"et_pb_text_inner\"><h2>Retro<\/h2>\n<h6>from 8th till 13th of March<\/h6><\/div>\n\t\t\t<\/div><div class=\"et_pb_module et_d4_element et_pb_text et_pb_text_3  et_pb_text_align_left et_pb_bg_layout_light\">\n\t\t\t\t\n\t\t\t\t\n\t\t\t\t\n\t\t\t\t\n\t\t\t\t<div class=\"et_pb_text_inner\"><b>Guardian of the frontier (Varuh meje)<\/b><br \/>\n<span style=\"font-weight: 400;\">Directed and written by: Maja Weiss<\/span><\/div>\n\t\t\t<\/div><div class=\"et_pb_button_module_wrapper et_pb_button_1_wrapper  et_pb_module \">\n\t\t\t\t<a class=\"et_pb_button et_d4_element et_pb_button_1 et_pb_bg_layout_light et_block_module\" href=\"https:\/\/fefi.si\/en\/program-2022\/retro\/\">Watch the films<\/a>\n\t\t\t<\/div>\n\t\t\t<\/div><div class=\"et_d4_element et_pb_column_1_3 et_pb_column et_pb_column_2  et_pb_css_mix_blend_mode et-last-child et_block_column\">\n\t\t\t\t\n\t\t\t\t\n\t\t\t\t\n\t\t\t\t\n\t\t\t\t<div class=\"et_pb_module et_d4_element et_pb_image et_pb_image_2\">\n\t\t\t\t\n\t\t\t\t\n\t\t\t\t\n\t\t\t\t\n\t\t\t\t<a href=\"https:\/\/fefi.si\/en\/program-2022\/now\/\"><span class=\"et_pb_image_wrap \"><img loading=\"lazy\" decoding=\"async\" width=\"300\" height=\"188\" src=\"https:\/\/fefi.si\/wp-content\/uploads\/2022\/03\/Madalenas-Berlin-300x188.jpg\" alt=\"\" title=\"Madalenas Berlin\" class=\"wp-image-537\" \/><\/span><\/a>\n\t\t\t<\/div><div class=\"et_pb_module et_d4_element et_pb_text et_pb_text_4  et_pb_text_align_left et_pb_bg_layout_light\">\n\t\t\t\t\n\t\t\t\t\n\t\t\t\t\n\t\t\t\t\n\t\t\t\t<div class=\"et_pb_text_inner\"><h2>Now!<\/h2>\n<h6>from 8th till 13th of March<\/h6><\/div>\n\t\t\t<\/div><div class=\"et_pb_module et_d4_element et_pb_text et_pb_text_5  et_pb_text_align_left et_pb_bg_layout_light\">\n\t\t\t\t\n\t\t\t\t\n\t\t\t\t\n\t\t\t\t\n\t\t\t\t<div class=\"et_pb_text_inner\"><p><b>No Means No, Feminist Legislative Theater<\/b><br \/><span style=\"font-weight: 400;\">Directed by: EvaGloria Fern\u00e1ndez P\u00e9rez \/\/ Produced by: Madalena-Berlin<\/span><\/p>\n<p><b>The Case You<\/b><br \/><span style=\"font-weight: 400;\">Directed by: Alison Kuhn<\/span><\/p>\n<p><span style=\"font-weight: 400;\"><b>Granny's Sexual Life<br \/><\/b>Written and ditrected by: Ur\u0161ka Djuki\u0107 and Emilie Pigeard<br \/><\/span><\/p><\/div>\n\t\t\t<\/div><div class=\"et_pb_button_module_wrapper et_pb_button_2_wrapper  et_pb_module \">\n\t\t\t\t<a class=\"et_pb_button et_d4_element et_pb_button_2 et_pb_bg_layout_light et_block_module\" href=\"https:\/\/fefi.si\/en\/program-2022\/now\/\">Watch the films<\/a>\n\t\t\t<\/div>\n\t\t\t<\/div>\n\t\t\t\t\n\t\t\t\t\n\t\t\t\t\n\t\t\t\t\n\t\t\t<\/div>\n\t\t\t\t\n\t\t\t\t\n\t\t\t<\/div>\n","protected":false},"excerpt":{"rendered":"","protected":false},"author":1,"featured_media":0,"parent":0,"menu_order":0,"comment_status":"closed","ping_status":"closed","template":"","meta":{"_et_pb_use_builder":"on","_et_pb_old_content":"[et_pb_section fb_built=\"1\" admin_label=\"section\" _builder_version=\"4.9.0\" background_color=\"#c8a056\" custom_padding=\"||120px||false|false\" global_colors_info=\"{}\"][et_pb_row column_structure=\"1_3,1_3,1_3\" admin_label=\"row\" _builder_version=\"3.25\" background_size=\"initial\" background_position=\"top_left\" background_repeat=\"repeat\" global_colors_info=\"{}\"][et_pb_column type=\"1_3\" _builder_version=\"3.25\" custom_padding=\"|||\" global_colors_info=\"{}\" custom_padding__hover=\"|||\"][et_pb_image src=\"https:\/\/fefi.si\/wp-content\/uploads\/2022\/03\/Rojava-1-300x188.jpg\" title_text=\"Rojava\" url=\"@ET-DC@eyJkeW5hbWljIjp0cnVlLCJjb250ZW50IjoicG9zdF9saW5rX3VybF9wYWdlIiwic2V0dGluZ3MiOnsicG9zdF9pZCI6IjQ5NiJ9fQ==@\" align=\"center\" disabled_on=\"off|off|off\" _builder_version=\"4.14.8\" _dynamic_attributes=\"url\" _module_preset=\"default\" global_colors_info=\"{}\"][\/et_pb_image][et_pb_text admin_label=\"Text\" _builder_version=\"4.14.8\" link_text_color=\"#753382\" header_text_align=\"left\" header_2_font=\"|700||on|||||\" header_2_text_align=\"left\" header_2_text_color=\"#753382\" header_2_line_height=\"0.2em\" header_6_text_align=\"left\" header_6_text_color=\"#FFFFFF\" background_size=\"initial\" background_position=\"top_left\" background_repeat=\"repeat\" custom_margin=\"||10px||false|false\" custom_padding=\"|25px|0px|25px|false|true\" global_colors_info=\"{}\"]\n<h2>Fri\u0161no<\/h2>\n<h6>na ogled od 8. do 13. marca<\/h6>\n[\/et_pb_text][et_pb_text _builder_version=\"4.14.8\" _module_preset=\"default\" custom_padding=\"|25px||25px|false|true\" global_colors_info=\"{}\"]<b>Dom (Mal)<\/b><span style=\"font-weight: 400;\">\nScenarij in re\u017eija: Sevinaz Evdik\u00ea.<\/span>\n\n<b>Moje ime je na kamnu (Nav\u00ea Min Li Ser Kevirek\u00ee Ye)<\/b>\n<span style=\"font-weight: 400;\">Scenarij in re\u017eija: Be\u015fa S\u020bnema (Akadimiya \u015e.Yekta Herekol)<\/span>\n\n<b>Kobane<\/b>\n<span style=\"font-weight: 400;\">Scenarij in re\u017eija: Z\u020blan Hemo<\/span>[\/et_pb_text][et_pb_button button_url=\"@ET-DC@eyJkeW5hbWljIjp0cnVlLCJjb250ZW50IjoicG9zdF9saW5rX3VybF9wYWdlIiwic2V0dGluZ3MiOnsicG9zdF9pZCI6IjQ5NiJ9fQ==@\" button_text=\"Ogled filmov\" _builder_version=\"4.14.8\" _dynamic_attributes=\"button_url\" _module_preset=\"default\" custom_button=\"on\" button_text_size=\"16px\" button_border_width=\"1px\" button_border_radius=\"2px\" custom_margin=\"|||25px|false|false\" custom_padding=\"||||false|false\" global_colors_info=\"{}\"][\/et_pb_button][\/et_pb_column][et_pb_column type=\"1_3\" _builder_version=\"3.25\" custom_padding=\"|||\" global_colors_info=\"{}\" custom_padding__hover=\"|||\"][et_pb_image src=\"https:\/\/fefi.si\/wp-content\/uploads\/2022\/03\/Varuh_meje_1-1-300x188.jpg\" title_text=\"Varuh_meje_1\" url=\"@ET-DC@eyJkeW5hbWljIjp0cnVlLCJjb250ZW50IjoicG9zdF9saW5rX3VybF9wYWdlIiwic2V0dGluZ3MiOnsicG9zdF9pZCI6IjQ5OCJ9fQ==@\" align=\"center\" disabled_on=\"off|off|off\" _builder_version=\"4.14.8\" _dynamic_attributes=\"url\" _module_preset=\"default\" global_colors_info=\"{}\"][\/et_pb_image][et_pb_text admin_label=\"Text\" _builder_version=\"4.14.8\" link_text_color=\"#753382\" header_text_align=\"left\" header_2_font=\"|700||on|||||\" header_2_text_align=\"left\" header_2_text_color=\"#753382\" header_2_line_height=\"0.2em\" header_6_text_align=\"left\" header_6_text_color=\"#FFFFFF\" background_size=\"initial\" background_position=\"top_left\" background_repeat=\"repeat\" custom_margin=\"||10px||false|false\" custom_padding=\"|25px|0px|25px|false|true\" global_colors_info=\"{}\"]\n<h2>Retro<\/h2>\n<h6>na ogled od 8. do 13. marca<\/h6>\n[\/et_pb_text][et_pb_text _builder_version=\"4.14.8\" _module_preset=\"default\" custom_padding=\"|25px||25px|false|true\" global_colors_info=\"{}\"]<b>Varuh meje\n+ pogovor z re\u017eiserko<\/b>\n<span style=\"font-weight: 400\">Scenarij in re\u017eija: Maja Weiss<\/span>[\/et_pb_text][et_pb_button button_url=\"@ET-DC@eyJkeW5hbWljIjp0cnVlLCJjb250ZW50IjoicG9zdF9saW5rX3VybF9wYWdlIiwic2V0dGluZ3MiOnsicG9zdF9pZCI6IjQ5OCJ9fQ==@\" button_text=\"Ogled filmov\" _builder_version=\"4.14.8\" _dynamic_attributes=\"button_url\" _module_preset=\"default\" custom_button=\"on\" button_text_size=\"16px\" button_border_width=\"1px\" button_border_radius=\"2px\" custom_margin=\"|||25px|false|false\" global_colors_info=\"{}\"][\/et_pb_button][\/et_pb_column][et_pb_column type=\"1_3\" _builder_version=\"3.25\" custom_padding=\"|||\" global_colors_info=\"{}\" custom_padding__hover=\"|||\"][et_pb_image src=\"https:\/\/fefi.si\/wp-content\/uploads\/2022\/03\/Madalenas-Berlin-300x188.jpg\" title_text=\"Madalenas Berlin\" url=\"@ET-DC@eyJkeW5hbWljIjp0cnVlLCJjb250ZW50IjoicG9zdF9saW5rX3VybF9wYWdlIiwic2V0dGluZ3MiOnsicG9zdF9pZCI6IjI0MCJ9fQ==@\" align=\"center\" _builder_version=\"4.14.8\" _dynamic_attributes=\"url\" _module_preset=\"default\" global_colors_info=\"{}\"][\/et_pb_image][et_pb_text admin_label=\"Text\" _builder_version=\"4.14.8\" link_text_color=\"#753382\" header_text_align=\"left\" header_2_font=\"|700||on|||||\" header_2_text_align=\"left\" header_2_text_color=\"#753382\" header_2_line_height=\"0.2em\" header_6_text_align=\"left\" header_6_text_color=\"#FFFFFF\" background_size=\"initial\" background_position=\"top_left\" background_repeat=\"repeat\" custom_margin=\"||10px||false|false\" custom_padding=\"|25px|0px|25px|false|true\" global_colors_info=\"{}\"]\n<h2>Zdaj!<\/h2>\n<h6>na ogled od 8. do 13. marca<\/h6>\n[\/et_pb_text][et_pb_text _builder_version=\"4.14.8\" _module_preset=\"default\" custom_padding=\"|25px||25px|false|true\" hover_enabled=\"0\" global_colors_info=\"{}\" sticky_enabled=\"0\"]\n\n<b>Ne pomeni ne, feministi\u010dno zakonodajno gledali\u0161\u010de (Nein hei\u00dft Nein, Feminist Legislative Theater)<\/b>\n<span style=\"font-weight: 400;\">Re\u017eija: EvaGloria Fern\u00e1ndez P\u00e9rez<\/span>\n\n<b>Primer spolne zlorabe (The Case You)<\/b>\n<span style=\"font-weight: 400;\">Re\u017eija: Alison Kuhn<\/span>\n\n<span style=\"font-weight: 400;\"><b>Babi\u010dino seksualno \u017eivljenje\n<\/b>Re\u017eija: Ur\u0161ka Djuki\u0107, Emilie Pigeard\n<\/span>\n\n[\/et_pb_text][et_pb_button button_url=\"@ET-DC@eyJkeW5hbWljIjp0cnVlLCJjb250ZW50IjoicG9zdF9saW5rX3VybF9wYWdlIiwic2V0dGluZ3MiOnsicG9zdF9pZCI6IjUwMCJ9fQ==@\" button_text=\"Ogled filmov\" _builder_version=\"4.14.8\" _dynamic_attributes=\"button_url\" _module_preset=\"default\" custom_button=\"on\" button_text_size=\"16px\" button_border_width=\"1px\" button_border_radius=\"2px\" custom_margin=\"|||25px|false|false\" global_colors_info=\"{}\"][\/et_pb_button][\/et_pb_column][\/et_pb_row][\/et_pb_section]","_et_gb_content_width":"","footnotes":""},"class_list":["post-551","page","type-page","status-publish","hentry"],"yoast_head":"<!-- This site is optimized with the Yoast SEO plugin v27.4 - https:\/\/yoast.com\/product\/yoast-seo-wordpress\/ -->\n<title>Program 2022 - FeFi - Feministi\u010dni filmski festival<\/title>\n<meta name=\"robots\" content=\"index, follow, max-snippet:-1, max-image-preview:large, max-video-preview:-1\" \/>\n<link rel=\"canonical\" href=\"https:\/\/fefi.si\/en\/program-2022\/\" \/>\n<meta property=\"og:locale\" content=\"en_US\" \/>\n<meta property=\"og:type\" content=\"article\" \/>\n<meta property=\"og:title\" content=\"Program 2022 - FeFi - Feministi\u010dni filmski festival\" \/>\n<meta property=\"og:url\" content=\"https:\/\/fefi.si\/en\/program-2022\/\" \/>\n<meta property=\"og:site_name\" content=\"FeFi - Feministi\u010dni filmski festival\" \/>\n<meta property=\"article:modified_time\" content=\"2022-03-08T17:47:11+00:00\" \/>\n<meta name=\"twitter:card\" content=\"summary_large_image\" \/>\n<meta name=\"twitter:label1\" content=\"Est. reading time\" \/>\n\t<meta name=\"twitter:data1\" content=\"2 minutes\" \/>\n<script type=\"application\/ld+json\" class=\"yoast-schema-graph\">{\"@context\":\"https:\\\/\\\/schema.org\",\"@graph\":[{\"@type\":\"WebPage\",\"@id\":\"https:\\\/\\\/fefi.si\\\/en\\\/program-2022\\\/\",\"url\":\"https:\\\/\\\/fefi.si\\\/en\\\/program-2022\\\/\",\"name\":\"Program 2022 - FeFi - Feministi\u010dni filmski festival\",\"isPartOf\":{\"@id\":\"https:\\\/\\\/fefi.si\\\/en\\\/#website\"},\"datePublished\":\"2022-03-07T08:11:24+00:00\",\"dateModified\":\"2022-03-08T17:47:11+00:00\",\"breadcrumb\":{\"@id\":\"https:\\\/\\\/fefi.si\\\/en\\\/program-2022\\\/#breadcrumb\"},\"inLanguage\":\"en-US\",\"potentialAction\":[{\"@type\":\"ReadAction\",\"target\":[\"https:\\\/\\\/fefi.si\\\/en\\\/program-2022\\\/\"]}]},{\"@type\":\"BreadcrumbList\",\"@id\":\"https:\\\/\\\/fefi.si\\\/en\\\/program-2022\\\/#breadcrumb\",\"itemListElement\":[{\"@type\":\"ListItem\",\"position\":1,\"name\":\"Home\",\"item\":\"https:\\\/\\\/fefi.si\\\/en\\\/home-2026\\\/\"},{\"@type\":\"ListItem\",\"position\":2,\"name\":\"Program 2022\"}]},{\"@type\":\"WebSite\",\"@id\":\"https:\\\/\\\/fefi.si\\\/en\\\/#website\",\"url\":\"https:\\\/\\\/fefi.si\\\/en\\\/\",\"name\":\"FeFi - Feministi\u010dni filmski festival\",\"description\":\"\",\"potentialAction\":[{\"@type\":\"SearchAction\",\"target\":{\"@type\":\"EntryPoint\",\"urlTemplate\":\"https:\\\/\\\/fefi.si\\\/en\\\/?s={search_term_string}\"},\"query-input\":{\"@type\":\"PropertyValueSpecification\",\"valueRequired\":true,\"valueName\":\"search_term_string\"}}],\"inLanguage\":\"en-US\"}]}<\/script>\n<!-- \/ Yoast SEO plugin. -->","yoast_head_json":{"title":"Program 2022 - FeFi - Feministi\u010dni filmski festival","robots":{"index":"index","follow":"follow","max-snippet":"max-snippet:-1","max-image-preview":"max-image-preview:large","max-video-preview":"max-video-preview:-1"},"canonical":"https:\/\/fefi.si\/en\/program-2022\/","og_locale":"en_US","og_type":"article","og_title":"Program 2022 - FeFi - Feministi\u010dni filmski festival","og_url":"https:\/\/fefi.si\/en\/program-2022\/","og_site_name":"FeFi - Feministi\u010dni filmski festival","article_modified_time":"2022-03-08T17:47:11+00:00","twitter_card":"summary_large_image","twitter_misc":{"Est. reading time":"2 minutes"},"schema":{"@context":"https:\/\/schema.org","@graph":[{"@type":"WebPage","@id":"https:\/\/fefi.si\/en\/program-2022\/","url":"https:\/\/fefi.si\/en\/program-2022\/","name":"Program 2022 - FeFi - Feministi\u010dni filmski festival","isPartOf":{"@id":"https:\/\/fefi.si\/en\/#website"},"datePublished":"2022-03-07T08:11:24+00:00","dateModified":"2022-03-08T17:47:11+00:00","breadcrumb":{"@id":"https:\/\/fefi.si\/en\/program-2022\/#breadcrumb"},"inLanguage":"en-US","potentialAction":[{"@type":"ReadAction","target":["https:\/\/fefi.si\/en\/program-2022\/"]}]},{"@type":"BreadcrumbList","@id":"https:\/\/fefi.si\/en\/program-2022\/#breadcrumb","itemListElement":[{"@type":"ListItem","position":1,"name":"Home","item":"https:\/\/fefi.si\/en\/home-2026\/"},{"@type":"ListItem","position":2,"name":"Program 2022"}]},{"@type":"WebSite","@id":"https:\/\/fefi.si\/en\/#website","url":"https:\/\/fefi.si\/en\/","name":"FeFi - Feministi\u010dni filmski festival","description":"","potentialAction":[{"@type":"SearchAction","target":{"@type":"EntryPoint","urlTemplate":"https:\/\/fefi.si\/en\/?s={search_term_string}"},"query-input":{"@type":"PropertyValueSpecification","valueRequired":true,"valueName":"search_term_string"}}],"inLanguage":"en-US"}]}},"_links":{"self":[{"href":"https:\/\/fefi.si\/en\/wp-json\/wp\/v2\/pages\/551","targetHints":{"allow":["GET"]}}],"collection":[{"href":"https:\/\/fefi.si\/en\/wp-json\/wp\/v2\/pages"}],"about":[{"href":"https:\/\/fefi.si\/en\/wp-json\/wp\/v2\/types\/page"}],"author":[{"embeddable":true,"href":"https:\/\/fefi.si\/en\/wp-json\/wp\/v2\/users\/1"}],"replies":[{"embeddable":true,"href":"https:\/\/fefi.si\/en\/wp-json\/wp\/v2\/comments?post=551"}],"version-history":[{"count":5,"href":"https:\/\/fefi.si\/en\/wp-json\/wp\/v2\/pages\/551\/revisions"}],"predecessor-version":[{"id":636,"href":"https:\/\/fefi.si\/en\/wp-json\/wp\/v2\/pages\/551\/revisions\/636"}],"wp:attachment":[{"href":"https:\/\/fefi.si\/en\/wp-json\/wp\/v2\/media?parent=551"}],"curies":[{"name":"wp","href":"https:\/\/api.w.org\/{rel}","templated":true}]}}