{"id":1330,"date":"2026-04-07T16:36:32","date_gmt":"2026-04-07T14:36:32","guid":{"rendered":"https:\/\/fefi.si\/program-2026\/fresh-2026\/"},"modified":"2026-04-12T11:07:06","modified_gmt":"2026-04-12T09:07:06","slug":"fresh","status":"publish","type":"page","link":"https:\/\/fefi.si\/en\/program-2026\/fresh\/","title":{"rendered":"Fresh 2026"},"content":{"rendered":"<div class=\"et_pb_section_0 et_pb_section et_section_regular et_block_section\">\n<div class=\"et_pb_row_0 et_pb_row et_block_row\">\n<div class=\"et_pb_column_0 et_pb_column et_pb_column_4_4 et-last-child et_block_column et_pb_css_mix_blend_mode_passthrough\">\n<div class=\"et_pb_text_0 et_pb_text et_pb_bg_layout_light et_pb_module et_block_module\"><div class=\"et_pb_text_inner\"><h2>FeFi Fresh<\/h2>\n<p><!--strong>Filmi bodo za brezpla\u010den spletni ogled dostopni od 12. do 19. aprila 2026.<br \/>V \u017eivo si jih bo mogo\u010de ogledati 17. aprila 2025 ob 17. uri na Fakulteti za dru\u017ebene vede v Ljubljani, v Akademski \u010ditalnici Ale\u0161a Debeljaka. Po projekciji bo potekal pogovor z avtoricami.<\/strong--><\/p>\n<\/div><\/div>\n\n<div class=\"et_pb_text_1 et_pb_text et_pb_bg_layout_light et_pb_module et_block_module\"><div class=\"et_pb_text_inner\"><table style=\"border: 1px solid #000000;\">\n<tbody>\n<tr>\n<td>Who is afraid of feminisim?<\/td>\n<td style=\"text-align: right;\"><a href=\"https:\/\/bsf.si\/sl\/fefi-2026\/frisno\/#festivalvideo_video-1\" target=\"_blank\" rel=\"noopener\"><span class=\"popup\">Ogled filma<span class=\"et-pb-icon\" style=\"font-size: 20px; position: relative; top: 3px;\">E<\/span><\/span><\/a><\/td>\n<\/tr>\n<tr>\n<td>\nWhen we come together, we move boundaries<\/td>\n<td style=\"text-align: right;\"><a href=\"https:\/\/bsf.si\/sl\/fefi-2026\/frisno\/#festivalvideo_video-2\" target=\"_blank\" rel=\"noopener\"><span class=\"popup\">Ogled filma<span class=\"et-pb-icon\" style=\"font-size: 20px; position: relative; top: 3px;\">E<\/span><\/span><\/a><\/td>\n<\/tr>\n<tr>\n<td>Yugo Manchester<\/td>\n<td style=\"text-align: right;\"><a href=\"https:\/\/bsf.si\/sl\/fefi-2026\/frisno\/#festivalvideo_video-3\" target=\"_blank\" rel=\"noopener\"><span class=\"popup\">Ogled filma<span class=\"et-pb-icon\" style=\"font-size: 20px; position: relative; top: 3px;\">E<\/span><\/span><\/a><\/td>\n<\/tr>\n<\/tbody>\n<\/table>\n<\/div><\/div>\n<\/div>\n<\/div>\n\n<div class=\"et_pb_row_1 et_pb_row et_block_row\">\n<div class=\"et_pb_column_1 et_pb_column et_pb_column_4_4 et-last-child et_block_column et_pb_css_mix_blend_mode_passthrough\">\n<div class=\"et_pb_image_0 et_pb_image et_pb_module et_block_module\"><span class=\"et_pb_image_wrap\"><img loading=\"lazy\" decoding=\"async\" src=\"https:\/\/fefi.si\/wp-content\/uploads\/2026\/04\/kdo-se-boji-feminizma-1024x576.webp\" title=\"kdo-se-boji-feminizma\" width=\"1024\" height=\"576\" srcset=\"https:\/\/fefi.si\/wp-content\/uploads\/2026\/04\/kdo-se-boji-feminizma-980x551.webp 980w, https:\/\/fefi.si\/wp-content\/uploads\/2026\/04\/kdo-se-boji-feminizma-480x270.webp 480w\" sizes=\"(min-width: 0px) and (max-width: 480px) 480px, (min-width: 481px) and (max-width: 980px) 980px, (min-width: 981px) 1024px, 100vw\" class=\"wp-image-1296\" alt=\"SYNCHRONIZATION\" \/><\/span><\/div>\n\n<div class=\"et_pb_text_2 et_pb_text et_pb_bg_layout_light et_pb_module et_block_module\"><div class=\"et_pb_text_inner\"><p><b>Who is afraid of feminisim?<\/b><br \/>\nProduction: Student Association Iskra<br \/>\nSlovenia, 2026, 21 min<\/p>\n<p>A video essay by the Student Association Iskra about the history of women's emancipation, reproductive labor, the welfare state, and why equality never arose from individual success \u2013 but from organized struggle and systemic changes. Recorded for educational purposes and to agitate public opinion ahead of the protest on March 8, 2026.<\/p>\n<\/div><\/div>\n\n<div class=\"et_pb_divider_0 et_pb_divider et_pb_space et_pb_divider_position_top et_pb_module\"><div class=\"et_pb_divider_internal\"><\/div><\/div>\n<\/div>\n<\/div>\n\n<div class=\"et_pb_row_2 et_pb_row et_block_row\">\n<div class=\"et_pb_column_2 et_pb_column et_pb_column_4_4 et-last-child et_block_column et_pb_css_mix_blend_mode_passthrough\">\n<div class=\"et_pb_image_1 et_pb_image et_pb_module et_block_module\"><span class=\"et_pb_image_wrap\"><img loading=\"lazy\" decoding=\"async\" src=\"https:\/\/fefi.si\/wp-content\/uploads\/2026\/04\/ko-stopimo-skupaj-premikamo-meje.webp\" title=\"ko-stopimo-skupaj-premikamo-meje\" width=\"1920\" height=\"1080\" srcset=\"https:\/\/fefi.si\/wp-content\/uploads\/2026\/04\/ko-stopimo-skupaj-premikamo-meje.webp 1920w, https:\/\/fefi.si\/wp-content\/uploads\/2026\/04\/ko-stopimo-skupaj-premikamo-meje-1280x720.webp 1280w, https:\/\/fefi.si\/wp-content\/uploads\/2026\/04\/ko-stopimo-skupaj-premikamo-meje-980x551.webp 980w, https:\/\/fefi.si\/wp-content\/uploads\/2026\/04\/ko-stopimo-skupaj-premikamo-meje-480x270.webp 480w\" sizes=\"(min-width: 0px) and (max-width: 480px) 480px, (min-width: 481px) and (max-width: 980px) 980px, (min-width: 981px) and (max-width: 1280px) 1280px, (min-width: 1281px) 1920px, 100vw\" class=\"wp-image-1297\" alt=\"Mol\u010dim (\u0160utim) Sara Horvati\u0107 \/ Hrva\u0161ka, 2023 \/ 18 min \/ produkcija: Sveu\u010dili\u0161te VERN\" \/><\/span><\/div>\n\n<div class=\"et_pb_text_3 et_pb_text et_pb_bg_layout_light et_pb_module et_block_module\"><div class=\"et_pb_text_inner\"><p><b>When we come together, we move boundaries<\/b><br \/>\nAuthors:  Tina Podbev\u0161ek, Jakob Vogrinec, Martin Klabus, Andra\u017e Mali, Jan Puhar, Sa\u0161o Kornet, Toma\u017e Podbev\u0161ek<br \/>\nProduction: CEDRA<\/p>\n<p>On March 8 \u2013 International Women's Day \u2013 CEDRA prepared a short video in which members of the Confederation of Public Sector Trade Unions speak: a cleaner, a kindergarten teacher, and a nurse. Their work is indispensable to society. Each of them talks from their own experience about work, responsibility, staff shortages, and the increasing burdens they face at the workplace. Such a situation is not a given \u2013 and can only change through organization, solidarity, and strong trade unions.<\/p>\n<\/div><\/div>\n\n<div class=\"et_pb_divider_1 et_pb_divider et_pb_space et_pb_divider_position_top et_pb_module\"><div class=\"et_pb_divider_internal\"><\/div><\/div>\n<\/div>\n<\/div>\n\n<div class=\"et_pb_row_3 et_pb_row et_block_row\">\n<div class=\"et_pb_column_3 et_pb_column et_pb_column_4_4 et-last-child et_block_column et_pb_css_mix_blend_mode_passthrough\">\n<div class=\"et_pb_image_2 et_pb_image et_pb_module et_block_module\"><span class=\"et_pb_image_wrap\"><img loading=\"lazy\" decoding=\"async\" src=\"https:\/\/fefi.si\/wp-content\/uploads\/2026\/04\/centerplesa_yugomanchester.webp\" alt=\"Yugo Manchester\" title=\"Yugo Manchester\" width=\"702\" height=\"1000\" srcset=\"https:\/\/fefi.si\/wp-content\/uploads\/2026\/04\/centerplesa_yugomanchester.webp 702w, https:\/\/fefi.si\/wp-content\/uploads\/2026\/04\/centerplesa_yugomanchester-480x684.webp 480w\" sizes=\"(min-width: 0px) and (max-width: 480px) 480px, (min-width: 481px) 702px, 100vw\" class=\"wp-image-1416\" \/><\/span><\/div>\n\n<div class=\"et_pb_text_4 et_pb_text et_pb_bg_layout_light et_pb_module et_block_module\"><div class=\"et_pb_text_inner\"><p><b>Yugo Manchester<\/b><br \/>Director: Daniel Rodriguez Correia<br \/>Dance film, Slovenia, 2024, 12 min<br \/>Production: Kulturno dru\u0161tvo center plesa Maribor<\/p>\n<p>Captivating dance short-film that take us on a journey through the heritage of the city's industry, rise, and fall in Maribor (Slovenia) during the 20th century. Through a mesmerizing choreography that connects us to the past of Maribor, the film unravels the transformation of the city once called the \u201cManchester City\u201d of Yugoslavia. Each scene illuminates key historical events that shaped the city's identity, celebrating its triumphs, defeats, resilience, and exploring the impact of the changing industrial landscape.<\/p>\n<\/div><\/div>\n\n<div class=\"et_pb_divider_2 et_pb_divider et_pb_space et_pb_divider_position_top et_pb_module\"><div class=\"et_pb_divider_internal\"><\/div><\/div>\n<\/div>\n<\/div>\n<\/div>","protected":false},"excerpt":{"rendered":"","protected":false},"author":1,"featured_media":0,"parent":1263,"menu_order":0,"comment_status":"closed","ping_status":"closed","template":"","meta":{"footnotes":""},"class_list":["post-1330","page","type-page","status-publish","hentry"],"yoast_head":"<!-- This site is optimized with the Yoast SEO plugin v27.4 - https:\/\/yoast.com\/product\/yoast-seo-wordpress\/ -->\n<title>Fresh - FeFi - Feministi\u010dni filmski festival<\/title>\n<meta name=\"robots\" content=\"index, follow, max-snippet:-1, max-image-preview:large, max-video-preview:-1\" \/>\n<link rel=\"canonical\" href=\"https:\/\/fefi.si\/en\/program-2026\/fresh\/\" \/>\n<meta property=\"og:locale\" content=\"en_US\" \/>\n<meta property=\"og:type\" content=\"article\" \/>\n<meta property=\"og:title\" content=\"Fresh - FeFi - Feministi\u010dni filmski festival\" \/>\n<meta property=\"og:url\" content=\"https:\/\/fefi.si\/en\/program-2026\/fresh\/\" \/>\n<meta property=\"og:site_name\" content=\"FeFi - Feministi\u010dni filmski festival\" \/>\n<meta property=\"article:modified_time\" content=\"2026-04-12T09:07:06+00:00\" \/>\n<meta name=\"twitter:card\" content=\"summary_large_image\" \/>\n<script type=\"application\/ld+json\" class=\"yoast-schema-graph\">{\"@context\":\"https:\\\/\\\/schema.org\",\"@graph\":[{\"@type\":\"WebPage\",\"@id\":\"https:\\\/\\\/fefi.si\\\/en\\\/program-2026\\\/fresh\\\/\",\"url\":\"https:\\\/\\\/fefi.si\\\/en\\\/program-2026\\\/fresh\\\/\",\"name\":\"Fresh - FeFi - Feministi\u010dni filmski festival\",\"isPartOf\":{\"@id\":\"https:\\\/\\\/fefi.si\\\/en\\\/#website\"},\"datePublished\":\"2026-04-07T14:36:32+00:00\",\"dateModified\":\"2026-04-12T09:07:06+00:00\",\"breadcrumb\":{\"@id\":\"https:\\\/\\\/fefi.si\\\/en\\\/program-2026\\\/fresh\\\/#breadcrumb\"},\"inLanguage\":\"en-US\",\"potentialAction\":[{\"@type\":\"ReadAction\",\"target\":[\"https:\\\/\\\/fefi.si\\\/en\\\/program-2026\\\/fresh\\\/\"]}]},{\"@type\":\"BreadcrumbList\",\"@id\":\"https:\\\/\\\/fefi.si\\\/en\\\/program-2026\\\/fresh\\\/#breadcrumb\",\"itemListElement\":[{\"@type\":\"ListItem\",\"position\":1,\"name\":\"Home\",\"item\":\"https:\\\/\\\/fefi.si\\\/en\\\/home-2026\\\/\"},{\"@type\":\"ListItem\",\"position\":2,\"name\":\"Program 2026\",\"item\":\"https:\\\/\\\/fefi.si\\\/en\\\/program-2026\\\/\"},{\"@type\":\"ListItem\",\"position\":3,\"name\":\"Fresh 2026\"}]},{\"@type\":\"WebSite\",\"@id\":\"https:\\\/\\\/fefi.si\\\/en\\\/#website\",\"url\":\"https:\\\/\\\/fefi.si\\\/en\\\/\",\"name\":\"FeFi - Feministi\u010dni filmski festival\",\"description\":\"\",\"potentialAction\":[{\"@type\":\"SearchAction\",\"target\":{\"@type\":\"EntryPoint\",\"urlTemplate\":\"https:\\\/\\\/fefi.si\\\/en\\\/?s={search_term_string}\"},\"query-input\":{\"@type\":\"PropertyValueSpecification\",\"valueRequired\":true,\"valueName\":\"search_term_string\"}}],\"inLanguage\":\"en-US\"}]}<\/script>\n<!-- \/ Yoast SEO plugin. -->","yoast_head_json":{"title":"Fresh - FeFi - Feministi\u010dni filmski festival","robots":{"index":"index","follow":"follow","max-snippet":"max-snippet:-1","max-image-preview":"max-image-preview:large","max-video-preview":"max-video-preview:-1"},"canonical":"https:\/\/fefi.si\/en\/program-2026\/fresh\/","og_locale":"en_US","og_type":"article","og_title":"Fresh - FeFi - Feministi\u010dni filmski festival","og_url":"https:\/\/fefi.si\/en\/program-2026\/fresh\/","og_site_name":"FeFi - Feministi\u010dni filmski festival","article_modified_time":"2026-04-12T09:07:06+00:00","twitter_card":"summary_large_image","schema":{"@context":"https:\/\/schema.org","@graph":[{"@type":"WebPage","@id":"https:\/\/fefi.si\/en\/program-2026\/fresh\/","url":"https:\/\/fefi.si\/en\/program-2026\/fresh\/","name":"Fresh - FeFi - Feministi\u010dni filmski festival","isPartOf":{"@id":"https:\/\/fefi.si\/en\/#website"},"datePublished":"2026-04-07T14:36:32+00:00","dateModified":"2026-04-12T09:07:06+00:00","breadcrumb":{"@id":"https:\/\/fefi.si\/en\/program-2026\/fresh\/#breadcrumb"},"inLanguage":"en-US","potentialAction":[{"@type":"ReadAction","target":["https:\/\/fefi.si\/en\/program-2026\/fresh\/"]}]},{"@type":"BreadcrumbList","@id":"https:\/\/fefi.si\/en\/program-2026\/fresh\/#breadcrumb","itemListElement":[{"@type":"ListItem","position":1,"name":"Home","item":"https:\/\/fefi.si\/en\/home-2026\/"},{"@type":"ListItem","position":2,"name":"Program 2026","item":"https:\/\/fefi.si\/en\/program-2026\/"},{"@type":"ListItem","position":3,"name":"Fresh 2026"}]},{"@type":"WebSite","@id":"https:\/\/fefi.si\/en\/#website","url":"https:\/\/fefi.si\/en\/","name":"FeFi - Feministi\u010dni filmski festival","description":"","potentialAction":[{"@type":"SearchAction","target":{"@type":"EntryPoint","urlTemplate":"https:\/\/fefi.si\/en\/?s={search_term_string}"},"query-input":{"@type":"PropertyValueSpecification","valueRequired":true,"valueName":"search_term_string"}}],"inLanguage":"en-US"}]}},"_links":{"self":[{"href":"https:\/\/fefi.si\/en\/wp-json\/wp\/v2\/pages\/1330","targetHints":{"allow":["GET"]}}],"collection":[{"href":"https:\/\/fefi.si\/en\/wp-json\/wp\/v2\/pages"}],"about":[{"href":"https:\/\/fefi.si\/en\/wp-json\/wp\/v2\/types\/page"}],"author":[{"embeddable":true,"href":"https:\/\/fefi.si\/en\/wp-json\/wp\/v2\/users\/1"}],"replies":[{"embeddable":true,"href":"https:\/\/fefi.si\/en\/wp-json\/wp\/v2\/comments?post=1330"}],"version-history":[{"count":12,"href":"https:\/\/fefi.si\/en\/wp-json\/wp\/v2\/pages\/1330\/revisions"}],"predecessor-version":[{"id":1468,"href":"https:\/\/fefi.si\/en\/wp-json\/wp\/v2\/pages\/1330\/revisions\/1468"}],"up":[{"embeddable":true,"href":"https:\/\/fefi.si\/en\/wp-json\/wp\/v2\/pages\/1263"}],"wp:attachment":[{"href":"https:\/\/fefi.si\/en\/wp-json\/wp\/v2\/media?parent=1330"}],"curies":[{"name":"wp","href":"https:\/\/api.w.org\/{rel}","templated":true}]}}