{"id":1263,"date":"2026-03-26T13:52:31","date_gmt":"2026-03-26T12:52:31","guid":{"rendered":"https:\/\/fefi.si\/program-2026\/"},"modified":"2026-04-12T11:10:48","modified_gmt":"2026-04-12T09:10:48","slug":"program-2026","status":"publish","type":"page","link":"https:\/\/fefi.si\/en\/program-2026\/","title":{"rendered":"Program 2026"},"content":{"rendered":"<div class=\"et_pb_section_0 et_pb_section et_section_regular et_block_section\">\n<div class=\"et_pb_row_0 et_pb_row et_block_row\">\n<div class=\"et_pb_column_0 et_pb_column et_pb_column_1_3 et_block_column et_pb_css_mix_blend_mode_passthrough\">\n<div class=\"et_pb_image_0 et_pb_image et_pb_module et_block_module\"><a href=\"https:\/\/fefi.si\/program-2026\/frisno\/\"><span class=\"et_pb_image_wrap\"><img loading=\"lazy\" decoding=\"async\" src=\"https:\/\/fefi.si\/wp-content\/uploads\/2026\/04\/FeFi26_WEB_frisno.webp\" alt=\"FeFi 2026 - Fri\u0161no\" title=\"FeFi 2026 - Fri\u0161no\" width=\"360\" height=\"238\" srcset=\"https:\/\/fefi.si\/wp-content\/uploads\/2026\/04\/FeFi26_WEB_frisno.webp 360w, https:\/\/fefi.si\/wp-content\/uploads\/2026\/04\/FeFi26_WEB_frisno-300x198.webp 300w\" sizes=\"(max-width: 360px) 100vw, 360px\" class=\"wp-image-1434\" \/><\/span><\/a><\/div>\n\n<div class=\"et_pb_text_0 et_pb_text et_pb_bg_layout_light et_clickable et_pb_module et_block_module\"><div class=\"et_pb_text_inner\"><h2>Fresh<\/h2>\n<p><!--h6>na ogled od 8. do 12. marca<\/h6-->\n<\/div><\/div>\n\n<div class=\"et_pb_text_1 et_pb_text et_pb_bg_layout_light et_pb_module et_block_module\"><div class=\"et_pb_text_inner\"><h6>Who is afraid of feminisim?<\/h6>\n<p>Production: Student Association Iskra<br \/>Slovenia, 2026, 21 min<\/p>\n<h6>When we come together, we move boundaries<\/h6>\n<p>Authors: Tina Podbev\u0161ek, Jakob Vogrinec, Martin Klabus, Andra\u017e Mali, Jan Puhar, Sa\u0161o Kornet, Toma\u017e Podbev\u0161ek<br \/>Production: CEDRA<\/p>\n<h6>Yugo Manchester<\/h6>\n<p>Director: Daniel Rodriguez Correia<br \/>Dance film, Slovenia, 2024, 12 min<br \/>Production: Kulturno dru\u0161tvo center plesa Maribor<\/p>\n<p><strong>The films will be available for free online viewing from April 12 to 19.<\/strong><\/p>\n<\/div><\/div>\n\n<div class=\"et_pb_module et_pb_button_module_wrapper et_pb_button_0_wrapper\"><a class=\"et_pb_button_0 et_pb_button et_pb_bg_layout_light et_pb_module et_block_module\" href=\"https:\/\/fefi.si\/program-2025\/frisno-2025\/\">Watch the films<\/a><\/div>\n<\/div>\n\n<div class=\"et_pb_column_1 et_pb_column et_pb_column_1_3 et_block_column et_pb_css_mix_blend_mode_passthrough\">\n<div class=\"et_pb_image_1 et_pb_image et_pb_module et_block_module\"><a href=\"https:\/\/fefi.si\/program-2026\/retro\/\"><span class=\"et_pb_image_wrap\"><img loading=\"lazy\" decoding=\"async\" src=\"https:\/\/fefi.si\/wp-content\/uploads\/2026\/04\/FeFi26_WEB_retro.webp\" alt=\"FeFi 2026 - Retro\" title=\"FeFi 2026 - Retro\" width=\"360\" height=\"238\" srcset=\"https:\/\/fefi.si\/wp-content\/uploads\/2026\/04\/FeFi26_WEB_retro.webp 360w, https:\/\/fefi.si\/wp-content\/uploads\/2026\/04\/FeFi26_WEB_retro-300x198.webp 300w\" sizes=\"(max-width: 360px) 100vw, 360px\" class=\"wp-image-1435\" \/><\/span><\/a><\/div>\n\n<div class=\"et_pb_text_2 et_pb_text et_pb_bg_layout_light et_clickable et_pb_module et_block_module\"><div class=\"et_pb_text_inner\"><h2>Retro<\/h2>\n<p><!--h6>na ogled od 8. do 13. marca<\/h6-->\n<\/div><\/div>\n\n<div class=\"et_pb_text_3 et_pb_text et_pb_bg_layout_light et_pb_module et_block_module\"><div class=\"et_pb_text_inner\"><h6>Franja Partisan Hospital<\/h6>\n<p>Director: Mija Jan\u017eekovi\u010d<br \/>Screenwriter: Dorica Makuc<br \/>Documentary, Jugoslavija (Slovenija), 1975, 35 min<br \/>Production: RTV Slovenija<\/p>\n<h6>Thursday views \u2013 Where are you from?<\/h6>\n<p>Author: Dorica Makuc<br \/>Co-Author: Mija Jan\u017eekovi\u010d<br \/>Documentary, Jugoslavija (Slovenija), 1972, 29 min<br \/>Production: RTV Slovenija<\/p>\n<h6>\u017derjavi letijo na jug (The Cranes Are Flying South)<\/h6>\n<p>Director and Screenwriter: Dorica Makuc<br \/>Short Documentary Film, Jugoslavija (Slovenija), 1975, 33 min<br \/>Production: RTV Slovenija<\/p>\n<p><strong>The films will be available for free online viewing from April 12 to 19.<\/strong><\/p>\n<\/div><\/div>\n\n<div class=\"et_pb_module et_pb_button_module_wrapper et_pb_button_1_wrapper\"><a class=\"et_pb_button_1 et_pb_button et_pb_bg_layout_light et_pb_module et_block_module\" href=\"https:\/\/fefi.si\/program-2025\/retro-2025\/\">Watch the films<\/a><\/div>\n<\/div>\n\n<div class=\"et_pb_column_2 et_pb_column et_pb_column_1_3 et-last-child et_block_column et_pb_css_mix_blend_mode_passthrough\">\n<div class=\"et_pb_image_2 et_pb_image et_pb_module et_block_module\"><a href=\"https:\/\/fefi.si\/program-2026\/zdaj\/\"><span class=\"et_pb_image_wrap\"><img loading=\"lazy\" decoding=\"async\" src=\"https:\/\/fefi.si\/wp-content\/uploads\/2026\/04\/FeFi26_WEB_zdaj.webp\" alt=\"FeFi 2026 - Zdaj\" title=\"FeFi 2026 - Zdaj\" width=\"360\" height=\"238\" srcset=\"https:\/\/fefi.si\/wp-content\/uploads\/2026\/04\/FeFi26_WEB_zdaj.webp 360w, https:\/\/fefi.si\/wp-content\/uploads\/2026\/04\/FeFi26_WEB_zdaj-300x198.webp 300w\" sizes=\"(max-width: 360px) 100vw, 360px\" class=\"wp-image-1436\" \/><\/span><\/a><\/div>\n\n<div class=\"et_pb_text_4 et_pb_text et_pb_bg_layout_light et_clickable et_pb_module et_block_module\"><div class=\"et_pb_text_inner\"><h2>Now!<\/h2>\n<p><!--h6>na ogled od 8. do 13. marca<\/h6-->\n<\/div><\/div>\n\n<div class=\"et_pb_text_5 et_pb_text et_pb_bg_layout_light et_pb_module et_block_module\"><div class=\"et_pb_text_inner\"><h6>Fantasy<\/h6>\n<p>Director: Kukla<br \/>Fiction Feature Film, Slovenija \/ Srbija \/ Albanija \/ Severna Makedonija \/ Bosna in Hercegovina, 2025, 98 min<br \/>Production: December, Krug Film, Gliser, Gustav film, 001, MB Grip, SNDKT, Instant<\/p>\n<h6>Sisters<\/h6>\n<p>Director and Screenwriter: Kukla<br \/>Short Fiction Film, Slovenija, 2021, 23 min<br \/>Production: Barbara Daljavec<\/p>\n<p><strong>The film FANTASY will be screened live at the Puppet Theatre Maribor on Saturday, April 11 at 8 PM. The screening will be followed by a discussion with director Kukla. The tickets are available online and at the door.<br \/>\nIt will also be screened at the Intimate Cinema in GT22 (Maribor) on Friday, April 17 and Saturday, April 18 at 8 PM. The tickets will be available at the door.<\/strong><\/p>\n<p><strong>The film SISTERS will be available for free online viewing from April 12 to April 19.<\/strong><\/p>\n<\/div><\/div>\n\n<div class=\"et_pb_module et_pb_button_module_wrapper et_pb_button_2_wrapper\"><a class=\"et_pb_button_2 et_pb_button et_pb_bg_layout_light et_pb_module et_block_module\" href=\"https:\/\/fefi.si\/program-2025\/zdaj-2025\/\">Watch the films<\/a><\/div>\n<\/div>\n<\/div>\n\n\n<\/div>","protected":false},"excerpt":{"rendered":"","protected":false},"author":1,"featured_media":0,"parent":0,"menu_order":0,"comment_status":"closed","ping_status":"closed","template":"","meta":{"footnotes":""},"class_list":["post-1263","page","type-page","status-publish","hentry"],"yoast_head":"<!-- This site is optimized with the Yoast SEO plugin v27.4 - https:\/\/yoast.com\/product\/yoast-seo-wordpress\/ -->\n<title>Program 2026 - FeFi - Feministi\u010dni filmski festival<\/title>\n<meta name=\"robots\" content=\"index, follow, max-snippet:-1, max-image-preview:large, max-video-preview:-1\" \/>\n<link rel=\"canonical\" href=\"https:\/\/fefi.si\/en\/program-2026\/\" \/>\n<meta property=\"og:locale\" content=\"en_US\" \/>\n<meta property=\"og:type\" content=\"article\" \/>\n<meta property=\"og:title\" content=\"Program 2026 - FeFi - Feministi\u010dni filmski festival\" \/>\n<meta property=\"og:url\" content=\"https:\/\/fefi.si\/en\/program-2026\/\" \/>\n<meta property=\"og:site_name\" content=\"FeFi - Feministi\u010dni filmski festival\" \/>\n<meta property=\"article:modified_time\" content=\"2026-04-12T09:10:48+00:00\" \/>\n<meta name=\"twitter:card\" content=\"summary_large_image\" \/>\n<script type=\"application\/ld+json\" class=\"yoast-schema-graph\">{\"@context\":\"https:\\\/\\\/schema.org\",\"@graph\":[{\"@type\":\"WebPage\",\"@id\":\"https:\\\/\\\/fefi.si\\\/en\\\/program-2026\\\/\",\"url\":\"https:\\\/\\\/fefi.si\\\/en\\\/program-2026\\\/\",\"name\":\"Program 2026 - FeFi - Feministi\u010dni filmski festival\",\"isPartOf\":{\"@id\":\"https:\\\/\\\/fefi.si\\\/en\\\/#website\"},\"datePublished\":\"2026-03-26T12:52:31+00:00\",\"dateModified\":\"2026-04-12T09:10:48+00:00\",\"breadcrumb\":{\"@id\":\"https:\\\/\\\/fefi.si\\\/en\\\/program-2026\\\/#breadcrumb\"},\"inLanguage\":\"en-US\",\"potentialAction\":[{\"@type\":\"ReadAction\",\"target\":[\"https:\\\/\\\/fefi.si\\\/en\\\/program-2026\\\/\"]}]},{\"@type\":\"BreadcrumbList\",\"@id\":\"https:\\\/\\\/fefi.si\\\/en\\\/program-2026\\\/#breadcrumb\",\"itemListElement\":[{\"@type\":\"ListItem\",\"position\":1,\"name\":\"Home\",\"item\":\"https:\\\/\\\/fefi.si\\\/en\\\/home-2026\\\/\"},{\"@type\":\"ListItem\",\"position\":2,\"name\":\"Program 2026\"}]},{\"@type\":\"WebSite\",\"@id\":\"https:\\\/\\\/fefi.si\\\/en\\\/#website\",\"url\":\"https:\\\/\\\/fefi.si\\\/en\\\/\",\"name\":\"FeFi - Feministi\u010dni filmski festival\",\"description\":\"\",\"potentialAction\":[{\"@type\":\"SearchAction\",\"target\":{\"@type\":\"EntryPoint\",\"urlTemplate\":\"https:\\\/\\\/fefi.si\\\/en\\\/?s={search_term_string}\"},\"query-input\":{\"@type\":\"PropertyValueSpecification\",\"valueRequired\":true,\"valueName\":\"search_term_string\"}}],\"inLanguage\":\"en-US\"}]}<\/script>\n<!-- \/ Yoast SEO plugin. -->","yoast_head_json":{"title":"Program 2026 - FeFi - Feministi\u010dni filmski festival","robots":{"index":"index","follow":"follow","max-snippet":"max-snippet:-1","max-image-preview":"max-image-preview:large","max-video-preview":"max-video-preview:-1"},"canonical":"https:\/\/fefi.si\/en\/program-2026\/","og_locale":"en_US","og_type":"article","og_title":"Program 2026 - FeFi - Feministi\u010dni filmski festival","og_url":"https:\/\/fefi.si\/en\/program-2026\/","og_site_name":"FeFi - Feministi\u010dni filmski festival","article_modified_time":"2026-04-12T09:10:48+00:00","twitter_card":"summary_large_image","schema":{"@context":"https:\/\/schema.org","@graph":[{"@type":"WebPage","@id":"https:\/\/fefi.si\/en\/program-2026\/","url":"https:\/\/fefi.si\/en\/program-2026\/","name":"Program 2026 - FeFi - Feministi\u010dni filmski festival","isPartOf":{"@id":"https:\/\/fefi.si\/en\/#website"},"datePublished":"2026-03-26T12:52:31+00:00","dateModified":"2026-04-12T09:10:48+00:00","breadcrumb":{"@id":"https:\/\/fefi.si\/en\/program-2026\/#breadcrumb"},"inLanguage":"en-US","potentialAction":[{"@type":"ReadAction","target":["https:\/\/fefi.si\/en\/program-2026\/"]}]},{"@type":"BreadcrumbList","@id":"https:\/\/fefi.si\/en\/program-2026\/#breadcrumb","itemListElement":[{"@type":"ListItem","position":1,"name":"Home","item":"https:\/\/fefi.si\/en\/home-2026\/"},{"@type":"ListItem","position":2,"name":"Program 2026"}]},{"@type":"WebSite","@id":"https:\/\/fefi.si\/en\/#website","url":"https:\/\/fefi.si\/en\/","name":"FeFi - Feministi\u010dni filmski festival","description":"","potentialAction":[{"@type":"SearchAction","target":{"@type":"EntryPoint","urlTemplate":"https:\/\/fefi.si\/en\/?s={search_term_string}"},"query-input":{"@type":"PropertyValueSpecification","valueRequired":true,"valueName":"search_term_string"}}],"inLanguage":"en-US"}]}},"_links":{"self":[{"href":"https:\/\/fefi.si\/en\/wp-json\/wp\/v2\/pages\/1263","targetHints":{"allow":["GET"]}}],"collection":[{"href":"https:\/\/fefi.si\/en\/wp-json\/wp\/v2\/pages"}],"about":[{"href":"https:\/\/fefi.si\/en\/wp-json\/wp\/v2\/types\/page"}],"author":[{"embeddable":true,"href":"https:\/\/fefi.si\/en\/wp-json\/wp\/v2\/users\/1"}],"replies":[{"embeddable":true,"href":"https:\/\/fefi.si\/en\/wp-json\/wp\/v2\/comments?post=1263"}],"version-history":[{"count":36,"href":"https:\/\/fefi.si\/en\/wp-json\/wp\/v2\/pages\/1263\/revisions"}],"predecessor-version":[{"id":1472,"href":"https:\/\/fefi.si\/en\/wp-json\/wp\/v2\/pages\/1263\/revisions\/1472"}],"wp:attachment":[{"href":"https:\/\/fefi.si\/en\/wp-json\/wp\/v2\/media?parent=1263"}],"curies":[{"name":"wp","href":"https:\/\/api.w.org\/{rel}","templated":true}]}}