{"id":1167,"date":"2025-04-09T10:48:03","date_gmt":"2025-04-09T08:48:03","guid":{"rendered":"https:\/\/fefi.si\/program-2025\/retro-2025\/"},"modified":"2025-04-16T09:22:04","modified_gmt":"2025-04-16T07:22:04","slug":"retro-2025","status":"publish","type":"page","link":"https:\/\/fefi.si\/en\/program-2025\/retro-2025\/","title":{"rendered":"Retro 2025"},"content":{"rendered":"<div class=\"et_d4_element et_pb_section et_pb_section_0 et_pb_with_background  et_pb_css_mix_blend_mode et_section_regular et_block_section\" >\n\t\t\t\t\n\t\t\t\t\n\t\t\t\t\n\t\t\t\t\n\t\t\t\t\n\t\t\t\t\n\t\t\t\t<div class=\"et_d4_element et_pb_row et_pb_row_0  et_pb_css_mix_blend_mode et_block_row\">\n\t\t\t\t<div class=\"et_d4_element et_pb_column_4_4 et_pb_column et_pb_column_0  et_pb_css_mix_blend_mode et-last-child et_block_column\">\n\t\t\t\t\n\t\t\t\t\n\t\t\t\t\n\t\t\t\t\n\t\t\t\t<div class=\"et_pb_module et_d4_element et_pb_text et_pb_text_0  et_pb_text_align_left et_pb_bg_layout_light\">\n\t\t\t\t\n\t\t\t\t\n\t\t\t\t\n\t\t\t\t\n\t\t\t\t<div class=\"et_pb_text_inner\"><h2>FeFi RETRO<\/h2>\n<p><strong>The films will be available for free online streaming from 16th till 21st of April 2025.<\/strong><\/div>\n\t\t\t<\/div><div class=\"et_pb_module et_d4_element et_pb_text et_pb_text_1  et_pb_text_align_left et_pb_bg_layout_light\">\n\t\t\t\t\n\t\t\t\t\n\t\t\t\t\n\t\t\t\t\n\t\t\t\t<div class=\"et_pb_text_inner\"><table style=\"border: 1px solid #000000;\">\n<tbody>\n<tr>\n<td>Youth Builds<\/td>\n<td style=\"text-align: right;\"><a href=\"https:\/\/bsf.si\/en\/fefi-2025\/retro\/#festivalvideo_video\" target=\"_blank\" rel=\"noopener\"><span class=\"popup\">Watch<span class=\"et-pb-icon\" style=\"font-size: 20px; position: relative; top: 3px;\">E<\/span><\/span><\/a><\/td>\n<\/tr>\n<tr>\n<td>Don't Cry, Peter<\/td>\n<td style=\"text-align: right;\"><a href=\"https:\/\/bsf.si\/en\/movie\/ne-joci-peter\/\" target=\"_blank\" rel=\"noopener\"><span class=\"popup\">Watch<span class=\"et-pb-icon\" style=\"font-size: 20px; position: relative; top: 3px;\">E<\/span><\/span><\/a><\/td>\n<\/tr>\n<tr>\n<td>Vesna<\/td>\n<td style=\"text-align: right;\"><a href=\"https:\/\/bsf.si\/en\/movie\/vesna\/\" target=\"_blank\" rel=\"noopener\"><span class=\"popup\">Watch<span class=\"et-pb-icon\" style=\"font-size: 20px; position: relative; top: 3px;\">E<\/span><\/span><\/a><\/td>\n<\/tr>\n<\/tbody>\n<\/table><\/div>\n\t\t\t<\/div>\n\t\t\t<\/div>\n\t\t\t\t\n\t\t\t\t\n\t\t\t\t\n\t\t\t\t\n\t\t\t<\/div><div class=\"et_d4_element et_pb_row et_pb_row_1  et_pb_css_mix_blend_mode et_block_row\">\n\t\t\t\t<div class=\"et_d4_element et_pb_column_4_4 et_pb_column et_pb_column_1  et_pb_css_mix_blend_mode et-last-child et_block_column\">\n\t\t\t\t\n\t\t\t\t\n\t\t\t\t\n\t\t\t\t\n\t\t\t\t<div class=\"et_pb_module et_d4_element et_pb_text et_pb_text_2  et_pb_text_align_left et_pb_bg_layout_light\">\n\t\t\t\t\n\t\t\t\t\n\t\t\t\t\n\t\t\t\t\n\t\t\t\t<div class=\"et_pb_text_inner\"><h2>Milka Badjura<\/h2><\/div>\n\t\t\t<\/div>\n\t\t\t<\/div>\n\t\t\t\t\n\t\t\t\t\n\t\t\t\t\n\t\t\t\t\n\t\t\t<\/div><div class=\"et_d4_element et_pb_row et_pb_row_2  et_pb_css_mix_blend_mode et_block_row\">\n\t\t\t\t<div class=\"et_d4_element et_pb_column_4_4 et_pb_column et_pb_column_2  et_pb_css_mix_blend_mode et-last-child et_block_column\">\n\t\t\t\t\n\t\t\t\t\n\t\t\t\t\n\t\t\t\t\n\t\t\t\t<div class=\"et_pb_module et_d4_element et_pb_image et_pb_image_0\">\n\t\t\t\t\n\t\t\t\t\n\t\t\t\t\n\t\t\t\t\n\t\t\t\t<a href=\"https:\/\/fefi.si\/wp-content\/uploads\/2025\/04\/Badjura_Milka_foto_arhiv_Slovenske_kinoteke-703x1024.jpg\" class=\"et_pb_lightbox_image\" title=\"Milka Badjura, Foto: Arhiv Slovenske kinoteke\"><span class=\"et_pb_image_wrap \"><img loading=\"lazy\" decoding=\"async\" width=\"703\" height=\"1024\" src=\"https:\/\/fefi.si\/wp-content\/uploads\/2025\/04\/Badjura_Milka_foto_arhiv_Slovenske_kinoteke-703x1024.jpg\" alt=\"Milka Badjura, Foto: Arhiv Slovenske kinoteke\" title=\"Milka Badjura, Foto: Arhiv Slovenske kinoteke\" srcset=\"https:\/\/fefi.si\/wp-content\/uploads\/2025\/04\/Badjura_Milka_foto_arhiv_Slovenske_kinoteke-703x1024.jpg 703w, https:\/\/fefi.si\/wp-content\/uploads\/2025\/04\/Badjura_Milka_foto_arhiv_Slovenske_kinoteke-480x700.jpg 480w\" sizes=\"(min-width: 0px) and (max-width: 480px) 480px, (min-width: 481px) 703px, 100vw\" class=\"wp-image-1088\" \/><\/span><\/a>\n\t\t\t<\/div><div class=\"et_pb_module et_d4_element et_pb_text et_pb_text_3  et_pb_text_align_left et_pb_bg_layout_light\">\n\t\t\t\t\n\t\t\t\t\n\t\t\t\t\n\t\t\t\t\n\t\t\t\t<div class=\"et_pb_text_inner\">Milka Badjura (b. Kunstler, 1902-1992) was an editor, screenwriter, director and is considered one of the pioneers of Slovenian film. The Lifetime Achievement Award in the field of film, the most important Slovenian professional award in the field of filmmaking and film culture, is named after her and her husband Metod. Until 2023, it was named only after Metod Badjura, and then the Slovenian Film Centre renamed it to highlight the often overlooked contribution of his wife to the birth of Slovenian film.<\/p>\n<p>As an editor, she participated in as many as 112 films, including the biggest Slovenian hits, such as Vesna (1953) and Don't Cry Peter (1964). She has directed 26 films. She has received a number of recognitions and awards, Plaque of the Yugoslav Film Archive for pioneering work in film (1955) and for documentary filmmakers (1969) and the Golden Honorary Sign of the Mountaineering Association of Yugoslavia (1963), and as a pioneer and founder of the profession of film editing, the Pre\u0161eren Prize in 1968. In 1985, she received the Order of Merit for the Nation with the Silver Rays of the SFRY.<\/p>\n<p>A list of her works can be found at: <a href=\"https:\/\/bsf.si\/sl\/ime\/milka-badjura\/\" target=\"_blank\" rel=\"noopener\">https:\/\/bsf.si\/sl\/ime\/milka-badjura\/<\/a><\/div>\n\t\t\t<\/div>\n\t\t\t<\/div>\n\t\t\t\t\n\t\t\t\t\n\t\t\t\t\n\t\t\t\t\n\t\t\t<\/div><div class=\"et_d4_element et_pb_row et_pb_row_3  et_pb_css_mix_blend_mode et_block_row\">\n\t\t\t\t<div class=\"et_d4_element et_pb_column_4_4 et_pb_column et_pb_column_3  et_pb_css_mix_blend_mode et-last-child et_block_column\">\n\t\t\t\t\n\t\t\t\t\n\t\t\t\t\n\t\t\t\t\n\t\t\t\t<div class=\"et_pb_module et_d4_element et_pb_image et_pb_image_1\">\n\t\t\t\t\n\t\t\t\t\n\t\t\t\t\n\t\t\t\t\n\t\t\t\t<span class=\"et_pb_image_wrap \"><img loading=\"lazy\" decoding=\"async\" width=\"768\" height=\"576\" src=\"https:\/\/fefi.si\/wp-content\/uploads\/2025\/04\/ZDAJ_mladina_gradi_foto_arhiv_slovenkega_filmskega_centra.jpg\" alt=\"hydra - fefi 2023.\" title=\"ZDAJ_mladina_gradi_foto_arhiv_slovenkega_filmskega_centra\" srcset=\"https:\/\/fefi.si\/wp-content\/uploads\/2025\/04\/ZDAJ_mladina_gradi_foto_arhiv_slovenkega_filmskega_centra.jpg 768w, https:\/\/fefi.si\/wp-content\/uploads\/2025\/04\/ZDAJ_mladina_gradi_foto_arhiv_slovenkega_filmskega_centra-480x360.jpg 480w\" sizes=\"(min-width: 0px) and (max-width: 480px) 480px, (min-width: 481px) 768px, 100vw\" class=\"wp-image-1095\" \/><\/span>\n\t\t\t<\/div><div class=\"et_pb_module et_d4_element et_pb_text et_pb_text_4  et_pb_text_align_left et_pb_bg_layout_light\">\n\t\t\t\t\n\t\t\t\t\n\t\t\t\t\n\t\t\t\t\n\t\t\t\t<div class=\"et_pb_text_inner\"><b>Youth Builds (Mladina gradi)<\/b><br \/>\nFrance \u0160tiglic \/ editing: Milka Badjura \/ Yugoslavia (Slovenia), 1946 \/ 16 min<\/p>\n<p>Youth work actions in Slovenia within the first few years after liberation.<\/div>\n\t\t\t<\/div><div class=\"et_pb_module et_d4_element et_pb_divider et_pb_divider_0 et_pb_space\"><div class=\"et_pb_divider_internal\"><\/div><\/div>\n\t\t\t<\/div>\n\t\t\t\t\n\t\t\t\t\n\t\t\t\t\n\t\t\t\t\n\t\t\t<\/div><div class=\"et_d4_element et_pb_row et_pb_row_4  et_pb_css_mix_blend_mode et_block_row\">\n\t\t\t\t<div class=\"et_d4_element et_pb_column_4_4 et_pb_column et_pb_column_4  et_pb_css_mix_blend_mode et-last-child et_block_column\">\n\t\t\t\t\n\t\t\t\t\n\t\t\t\t\n\t\t\t\t\n\t\t\t\t<div class=\"et_pb_module et_d4_element et_pb_image et_pb_image_2\">\n\t\t\t\t\n\t\t\t\t\n\t\t\t\t\n\t\t\t\t\n\t\t\t\t<span class=\"et_pb_image_wrap \"><img loading=\"lazy\" decoding=\"async\" width=\"768\" height=\"322\" src=\"https:\/\/fefi.si\/wp-content\/uploads\/2025\/04\/Retro_Ne_joci_Peter_foto_arhiv_Slovenskega_filmskega_centra.jpg\" alt=\"hydra - fefi 2023.\" title=\"Retro_Ne_jo\u010di_Peter_foto_arhiv_Slovenskega_filmskega_centra\" srcset=\"https:\/\/fefi.si\/wp-content\/uploads\/2025\/04\/Retro_Ne_joci_Peter_foto_arhiv_Slovenskega_filmskega_centra.jpg 768w, https:\/\/fefi.si\/wp-content\/uploads\/2025\/04\/Retro_Ne_joci_Peter_foto_arhiv_Slovenskega_filmskega_centra-480x201.jpg 480w\" sizes=\"(min-width: 0px) and (max-width: 480px) 480px, (min-width: 481px) 768px, 100vw\" class=\"wp-image-1091\" \/><\/span>\n\t\t\t<\/div><div class=\"et_pb_module et_d4_element et_pb_text et_pb_text_5  et_pb_text_align_left et_pb_bg_layout_light\">\n\t\t\t\t\n\t\t\t\t\n\t\t\t\t\n\t\t\t\t\n\t\t\t\t<div class=\"et_pb_text_inner\"><b>Don\u2019t Cry, Peter (Ne jo\u010di, Peter)<\/b><br \/>\nFrance \u0160tiglic \/ editing: Milka Badjura \/ Yugoslavia (Slovenia), 1964 \/ 92 min<\/p>\n<p>Two partisan miners are entrusted with the task of honor to transfer safely three orphan children from a dangerous zone of fighting to the safe liberated territory. In the beginning the two miners feel humiliated because they would like to engage in more important action, but later they become big friends with the children, especially with Peter, the youngest one.<\/div>\n\t\t\t<\/div><div class=\"et_pb_module et_d4_element et_pb_divider et_pb_divider_1 et_pb_space\"><div class=\"et_pb_divider_internal\"><\/div><\/div>\n\t\t\t<\/div>\n\t\t\t\t\n\t\t\t\t\n\t\t\t\t\n\t\t\t\t\n\t\t\t<\/div><div class=\"et_d4_element et_pb_row et_pb_row_5  et_pb_css_mix_blend_mode et_block_row\">\n\t\t\t\t<div class=\"et_d4_element et_pb_column_4_4 et_pb_column et_pb_column_5  et_pb_css_mix_blend_mode et-last-child et_block_column\">\n\t\t\t\t\n\t\t\t\t\n\t\t\t\t\n\t\t\t\t\n\t\t\t\t<div class=\"et_pb_module et_d4_element et_pb_image et_pb_image_3\">\n\t\t\t\t\n\t\t\t\t\n\t\t\t\t\n\t\t\t\t\n\t\t\t\t<span class=\"et_pb_image_wrap \"><img loading=\"lazy\" decoding=\"async\" width=\"768\" height=\"576\" src=\"https:\/\/fefi.si\/wp-content\/uploads\/2025\/04\/Retro_Vesna_arhiv_Slovenski_filmski_center.jpg\" alt=\"hydra - fefi 2023.\" title=\"Retro_Vesna_arhiv_Slovenski_filmski_center\" srcset=\"https:\/\/fefi.si\/wp-content\/uploads\/2025\/04\/Retro_Vesna_arhiv_Slovenski_filmski_center.jpg 768w, https:\/\/fefi.si\/wp-content\/uploads\/2025\/04\/Retro_Vesna_arhiv_Slovenski_filmski_center-480x360.jpg 480w\" sizes=\"(min-width: 0px) and (max-width: 480px) 480px, (min-width: 481px) 768px, 100vw\" class=\"wp-image-1093\" \/><\/span>\n\t\t\t<\/div><div class=\"et_pb_module et_d4_element et_pb_text et_pb_text_6  et_pb_text_align_left et_pb_bg_layout_light\">\n\t\t\t\t\n\t\t\t\t\n\t\t\t\t\n\t\t\t\t\n\t\t\t\t<div class=\"et_pb_text_inner\"><b>Vesna<\/b><br \/>\nFranti\u0161ek \u010c\u00e1p \/ editing: Milka Badjura \/ Yugoslavia (Slovenia), 1953 \/ 95 min<\/p>\n<p>The first true comedy produced in Slovenia, it' s about the lives of high-school students. In a jolly good mood three students who are to take \"the abitur\" examination decide that one of them, Samo, will try to win the heart of Professors' daughter and in this way try to get hold of the mathematics paper. When Samo comes to know Vesna a bit better, he seriously falls in love with her and refuses to hear anything about the papers. Vesna, on the other hand, learns from a colleague of Samo's about their plan and doesn\u2019t want to see Samo ever again. Well, at the end things get cleared up and reconciliation follows.<\/div>\n\t\t\t<\/div><div class=\"et_pb_module et_d4_element et_pb_divider et_pb_divider_2 et_pb_space\"><div class=\"et_pb_divider_internal\"><\/div><\/div>\n\t\t\t<\/div>\n\t\t\t\t\n\t\t\t\t\n\t\t\t\t\n\t\t\t\t\n\t\t\t<\/div>\n\t\t\t\t\n\t\t\t\t\n\t\t\t<\/div>\n","protected":false},"excerpt":{"rendered":"","protected":false},"author":1,"featured_media":0,"parent":1141,"menu_order":0,"comment_status":"closed","ping_status":"closed","template":"","meta":{"_et_pb_use_builder":"on","_et_pb_old_content":"","_et_gb_content_width":"","footnotes":""},"class_list":["post-1167","page","type-page","status-publish","hentry"],"yoast_head":"<!-- This site is optimized with the Yoast SEO plugin v27.4 - https:\/\/yoast.com\/product\/yoast-seo-wordpress\/ -->\n<title>Retro 2025 - FeFi - Feministi\u010dni filmski festival<\/title>\n<meta name=\"robots\" content=\"index, follow, max-snippet:-1, max-image-preview:large, max-video-preview:-1\" \/>\n<link rel=\"canonical\" href=\"https:\/\/fefi.si\/en\/program-2025\/retro-2025\/\" \/>\n<meta property=\"og:locale\" content=\"en_US\" \/>\n<meta property=\"og:type\" content=\"article\" \/>\n<meta property=\"og:title\" content=\"Retro 2025 - FeFi - Feministi\u010dni filmski festival\" \/>\n<meta property=\"og:url\" content=\"https:\/\/fefi.si\/en\/program-2025\/retro-2025\/\" \/>\n<meta property=\"og:site_name\" content=\"FeFi - Feministi\u010dni filmski festival\" \/>\n<meta property=\"article:modified_time\" content=\"2025-04-16T07:22:04+00:00\" \/>\n<meta name=\"twitter:card\" content=\"summary_large_image\" \/>\n<meta name=\"twitter:label1\" content=\"Est. reading time\" \/>\n\t<meta name=\"twitter:data1\" content=\"5 minutes\" \/>\n<script type=\"application\/ld+json\" class=\"yoast-schema-graph\">{\"@context\":\"https:\\\/\\\/schema.org\",\"@graph\":[{\"@type\":\"WebPage\",\"@id\":\"https:\\\/\\\/fefi.si\\\/en\\\/program-2025\\\/retro-2025\\\/\",\"url\":\"https:\\\/\\\/fefi.si\\\/en\\\/program-2025\\\/retro-2025\\\/\",\"name\":\"Retro 2025 - FeFi - Feministi\u010dni filmski festival\",\"isPartOf\":{\"@id\":\"https:\\\/\\\/fefi.si\\\/en\\\/#website\"},\"datePublished\":\"2025-04-09T08:48:03+00:00\",\"dateModified\":\"2025-04-16T07:22:04+00:00\",\"breadcrumb\":{\"@id\":\"https:\\\/\\\/fefi.si\\\/en\\\/program-2025\\\/retro-2025\\\/#breadcrumb\"},\"inLanguage\":\"en-US\",\"potentialAction\":[{\"@type\":\"ReadAction\",\"target\":[\"https:\\\/\\\/fefi.si\\\/en\\\/program-2025\\\/retro-2025\\\/\"]}]},{\"@type\":\"BreadcrumbList\",\"@id\":\"https:\\\/\\\/fefi.si\\\/en\\\/program-2025\\\/retro-2025\\\/#breadcrumb\",\"itemListElement\":[{\"@type\":\"ListItem\",\"position\":1,\"name\":\"Home\",\"item\":\"https:\\\/\\\/fefi.si\\\/en\\\/home-2026\\\/\"},{\"@type\":\"ListItem\",\"position\":2,\"name\":\"Program 2025\",\"item\":\"https:\\\/\\\/fefi.si\\\/en\\\/program-2025\\\/\"},{\"@type\":\"ListItem\",\"position\":3,\"name\":\"Retro 2025\"}]},{\"@type\":\"WebSite\",\"@id\":\"https:\\\/\\\/fefi.si\\\/en\\\/#website\",\"url\":\"https:\\\/\\\/fefi.si\\\/en\\\/\",\"name\":\"FeFi - Feministi\u010dni filmski festival\",\"description\":\"\",\"potentialAction\":[{\"@type\":\"SearchAction\",\"target\":{\"@type\":\"EntryPoint\",\"urlTemplate\":\"https:\\\/\\\/fefi.si\\\/en\\\/?s={search_term_string}\"},\"query-input\":{\"@type\":\"PropertyValueSpecification\",\"valueRequired\":true,\"valueName\":\"search_term_string\"}}],\"inLanguage\":\"en-US\"}]}<\/script>\n<!-- \/ Yoast SEO plugin. -->","yoast_head_json":{"title":"Retro 2025 - FeFi - Feministi\u010dni filmski festival","robots":{"index":"index","follow":"follow","max-snippet":"max-snippet:-1","max-image-preview":"max-image-preview:large","max-video-preview":"max-video-preview:-1"},"canonical":"https:\/\/fefi.si\/en\/program-2025\/retro-2025\/","og_locale":"en_US","og_type":"article","og_title":"Retro 2025 - FeFi - Feministi\u010dni filmski festival","og_url":"https:\/\/fefi.si\/en\/program-2025\/retro-2025\/","og_site_name":"FeFi - Feministi\u010dni filmski festival","article_modified_time":"2025-04-16T07:22:04+00:00","twitter_card":"summary_large_image","twitter_misc":{"Est. reading time":"5 minutes"},"schema":{"@context":"https:\/\/schema.org","@graph":[{"@type":"WebPage","@id":"https:\/\/fefi.si\/en\/program-2025\/retro-2025\/","url":"https:\/\/fefi.si\/en\/program-2025\/retro-2025\/","name":"Retro 2025 - FeFi - Feministi\u010dni filmski festival","isPartOf":{"@id":"https:\/\/fefi.si\/en\/#website"},"datePublished":"2025-04-09T08:48:03+00:00","dateModified":"2025-04-16T07:22:04+00:00","breadcrumb":{"@id":"https:\/\/fefi.si\/en\/program-2025\/retro-2025\/#breadcrumb"},"inLanguage":"en-US","potentialAction":[{"@type":"ReadAction","target":["https:\/\/fefi.si\/en\/program-2025\/retro-2025\/"]}]},{"@type":"BreadcrumbList","@id":"https:\/\/fefi.si\/en\/program-2025\/retro-2025\/#breadcrumb","itemListElement":[{"@type":"ListItem","position":1,"name":"Home","item":"https:\/\/fefi.si\/en\/home-2026\/"},{"@type":"ListItem","position":2,"name":"Program 2025","item":"https:\/\/fefi.si\/en\/program-2025\/"},{"@type":"ListItem","position":3,"name":"Retro 2025"}]},{"@type":"WebSite","@id":"https:\/\/fefi.si\/en\/#website","url":"https:\/\/fefi.si\/en\/","name":"FeFi - Feministi\u010dni filmski festival","description":"","potentialAction":[{"@type":"SearchAction","target":{"@type":"EntryPoint","urlTemplate":"https:\/\/fefi.si\/en\/?s={search_term_string}"},"query-input":{"@type":"PropertyValueSpecification","valueRequired":true,"valueName":"search_term_string"}}],"inLanguage":"en-US"}]}},"_links":{"self":[{"href":"https:\/\/fefi.si\/en\/wp-json\/wp\/v2\/pages\/1167","targetHints":{"allow":["GET"]}}],"collection":[{"href":"https:\/\/fefi.si\/en\/wp-json\/wp\/v2\/pages"}],"about":[{"href":"https:\/\/fefi.si\/en\/wp-json\/wp\/v2\/types\/page"}],"author":[{"embeddable":true,"href":"https:\/\/fefi.si\/en\/wp-json\/wp\/v2\/users\/1"}],"replies":[{"embeddable":true,"href":"https:\/\/fefi.si\/en\/wp-json\/wp\/v2\/comments?post=1167"}],"version-history":[{"count":8,"href":"https:\/\/fefi.si\/en\/wp-json\/wp\/v2\/pages\/1167\/revisions"}],"predecessor-version":[{"id":1233,"href":"https:\/\/fefi.si\/en\/wp-json\/wp\/v2\/pages\/1167\/revisions\/1233"}],"up":[{"embeddable":true,"href":"https:\/\/fefi.si\/en\/wp-json\/wp\/v2\/pages\/1141"}],"wp:attachment":[{"href":"https:\/\/fefi.si\/en\/wp-json\/wp\/v2\/media?parent=1167"}],"curies":[{"name":"wp","href":"https:\/\/api.w.org\/{rel}","templated":true}]}}