{"id":1141,"date":"2025-04-09T10:47:17","date_gmt":"2025-04-09T08:47:17","guid":{"rendered":"https:\/\/fefi.si\/program-2025\/"},"modified":"2025-04-15T11:06:02","modified_gmt":"2025-04-15T09:06:02","slug":"program-2025","status":"publish","type":"page","link":"https:\/\/fefi.si\/en\/program-2025\/","title":{"rendered":"Program 2025"},"content":{"rendered":"<div class=\"et_d4_element et_pb_section et_pb_section_0 et_pb_with_background  et_pb_css_mix_blend_mode et_section_regular et_block_section\" >\n\t\t\t\t\n\t\t\t\t\n\t\t\t\t\n\t\t\t\t\n\t\t\t\t\n\t\t\t\t\n\t\t\t\t<div class=\"et_d4_element et_pb_row et_pb_row_0  et_pb_css_mix_blend_mode et_block_row\">\n\t\t\t\t<div class=\"et_d4_element et_pb_column_1_3 et_pb_column et_pb_column_0  et_pb_css_mix_blend_mode et_block_column\">\n\t\t\t\t\n\t\t\t\t\n\t\t\t\t\n\t\t\t\t\n\t\t\t\t<div class=\"et_pb_module et_d4_element et_pb_image et_pb_image_0\">\n\t\t\t\t\n\t\t\t\t\n\t\t\t\t\n\t\t\t\t\n\t\t\t\t<a href=\"https:\/\/fefi.si\/en\/program-2025\/fresh-2025\/\"><span class=\"et_pb_image_wrap \"><img loading=\"lazy\" decoding=\"async\" width=\"768\" height=\"432\" src=\"https:\/\/fefi.si\/wp-content\/uploads\/2025\/04\/Fresh_Mentor_Tinkara_Klipsteter_Suzana_Krevh_Gaber_Trseglav_Tara_Caruso_Bizjak_FeFi_2025.jpg\" alt=\"\" title=\"Fresh_Mentor_Tinkara_Klipsteter_Suzana_Krevh_Gaber_Trseglav_Tara_Caruso_Bizjak_FeFi_2025\" srcset=\"https:\/\/fefi.si\/wp-content\/uploads\/2025\/04\/Fresh_Mentor_Tinkara_Klipsteter_Suzana_Krevh_Gaber_Trseglav_Tara_Caruso_Bizjak_FeFi_2025.jpg 768w, https:\/\/fefi.si\/wp-content\/uploads\/2025\/04\/Fresh_Mentor_Tinkara_Klipsteter_Suzana_Krevh_Gaber_Trseglav_Tara_Caruso_Bizjak_FeFi_2025-480x270.jpg 480w\" sizes=\"(min-width: 0px) and (max-width: 480px) 480px, (min-width: 481px) 768px, 100vw\" class=\"wp-image-1058\" \/><\/span><\/a>\n\t\t\t<\/div><div class=\"et_pb_module et_d4_element et_pb_text et_pb_text_0  et_pb_text_align_left et_pb_bg_layout_light\">\n\t\t\t\t\n\t\t\t\t\n\t\t\t\t\n\t\t\t\t\n\t\t\t\t<div class=\"et_pb_text_inner\"><h2>Fresh<\/h2>\n<p><!--h6>na ogled od 8. do 12. marca<\/h6--><\/div>\n\t\t\t<\/div><div class=\"et_pb_module et_d4_element et_pb_text et_pb_text_1  et_pb_text_align_left et_pb_bg_layout_light\">\n\t\t\t\t\n\t\t\t\t\n\t\t\t\t\n\t\t\t\t\n\t\t\t\t<div class=\"et_pb_text_inner\"><h6>Mentor<\/h6>\n<div style=\"margin: 0 0 15px 0;\">Tinkara Klip\u0161teter \/ Slovenia, 2024 \/ 15 min \/ production: AGRFT UL<\/div>\n<h6>Keep It Quiet (\u0160utim)<\/h6>\n<div style=\"margin: 0 0 15px 0;\">Sara Horvati\u0107 \/ Croatia, 2023 \/ 18 min \/ production: Sveu\u010dili\u0161te VERN<\/div>\n<h6>Where The Log Went (Kam se je odneslo hlod)<\/h6>\n<div style=\"margin: 0 0 15px 0;\">Tara Caruso Bizjak \/ Slovenia, 2024 \/ 10 min<\/div>\n<h6>Neighborhood 23 (Soseska 23)<\/h6>\n<div style=\"margin: 0 0 15px 0;\">Mojca Radkovi\u010d \/ Slovenia, 2025 \/ 13 min \/ production: ALUO UL<\/div>\n<h6>Heirloom (Babi\u0161\u010dina)<br \/>\n<\/h6>\n<div style=\"margin: 0 0 15px 0;\">Lucija Rosc \/ Slovenia, 2024 \/ 24 min<\/div>\n<div style=\"margin-top: 20px; font-weight: bold;\">The films will be available for free online streaming from 16th till 21st of April 2025.<\/div><\/div>\n\t\t\t<\/div><div class=\"et_pb_button_module_wrapper et_pb_button_0_wrapper  et_pb_module \">\n\t\t\t\t<a class=\"et_pb_button et_d4_element et_pb_button_0 et_pb_bg_layout_light et_block_module\" href=\"https:\/\/fefi.si\/en\/program-2025\/fresh-2025\/\">Watch the films<\/a>\n\t\t\t<\/div>\n\t\t\t<\/div><div class=\"et_d4_element et_pb_column_1_3 et_pb_column et_pb_column_1  et_pb_css_mix_blend_mode et_block_column\">\n\t\t\t\t\n\t\t\t\t\n\t\t\t\t\n\t\t\t\t\n\t\t\t\t<div class=\"et_pb_module et_d4_element et_pb_image et_pb_image_1\">\n\t\t\t\t\n\t\t\t\t\n\t\t\t\t\n\t\t\t\t\n\t\t\t\t<a href=\"https:\/\/fefi.si\/en\/program-2025\/retro-2025\/\"><span class=\"et_pb_image_wrap \"><img loading=\"lazy\" decoding=\"async\" width=\"768\" height=\"432\" src=\"https:\/\/fefi.si\/wp-content\/uploads\/2025\/04\/Retro_Mladina-gradi_foto-Arhiv-Slovenskega-filmskega-centra_FeFi_2025.jpg\" alt=\"\" title=\"Retro_Mladina-gradi_foto-Arhiv-Slovenskega-filmskega-centra_FeFi_2025\" srcset=\"https:\/\/fefi.si\/wp-content\/uploads\/2025\/04\/Retro_Mladina-gradi_foto-Arhiv-Slovenskega-filmskega-centra_FeFi_2025.jpg 768w, https:\/\/fefi.si\/wp-content\/uploads\/2025\/04\/Retro_Mladina-gradi_foto-Arhiv-Slovenskega-filmskega-centra_FeFi_2025-480x270.jpg 480w\" sizes=\"(min-width: 0px) and (max-width: 480px) 480px, (min-width: 481px) 768px, 100vw\" class=\"wp-image-1061\" \/><\/span><\/a>\n\t\t\t<\/div><div class=\"et_pb_module et_d4_element et_pb_text et_pb_text_2  et_pb_text_align_left et_pb_bg_layout_light\">\n\t\t\t\t\n\t\t\t\t\n\t\t\t\t\n\t\t\t\t\n\t\t\t\t<div class=\"et_pb_text_inner\"><h2>Retro<\/h2>\n<p><!--h6>na ogled od 8. do 13. marca<\/h6--><\/div>\n\t\t\t<\/div><div class=\"et_pb_module et_d4_element et_pb_text et_pb_text_3  et_pb_text_align_left et_pb_bg_layout_light\">\n\t\t\t\t\n\t\t\t\t\n\t\t\t\t\n\t\t\t\t\n\t\t\t\t<div class=\"et_pb_text_inner\"><div style=\"margin-bottom: 15px;\"><strong>A tribute to Slovene film pioneer and editor Milka Badjura (1902-1992).<\/strong><\/div>\n<h6>Youth Builds (Mladina gradi)<\/h6>\n<div style=\"margin-bottom: 15px;\">France \u0160tiglic \/ editing: Milka Badjura \/ Yugoslavia (Slovenia), 1946 \/ 16 min<\/div>\n<h6>Don\u2019t Cry, Peter (Ne jo\u010di, Peter)<\/h6>\n<div style=\"margin-bottom: 15px;\">France \u0160tiglic \/ editing: Milka Badjura \/ Yugoslavia (Slovenia), 1964 \/ 92 min<\/div>\n<h6>Vesna<\/h6>\n<div style=\"margin-bottom: 15px;\">Franti\u0161ek \u010c\u00e1p \/ editing: Milka Badjura \/ Yugoslavia (Slovenia), 1953 \/ 95 min<\/div>\n<p><strong>The film Youth Builds will be available for free online streaming from 16th till 21st of April 2025.<br \/>Films Don\u2019t cry, Peter in Vesna are free of charge for members of public libraries through the BSF platform (sign up and create a pin for registration).<\/strong><\/p><\/div>\n\t\t\t<\/div><div class=\"et_pb_button_module_wrapper et_pb_button_1_wrapper  et_pb_module \">\n\t\t\t\t<a class=\"et_pb_button et_d4_element et_pb_button_1 et_pb_bg_layout_light et_block_module\" href=\"https:\/\/fefi.si\/en\/program-2025\/retro-2025\/\">Watch the films<\/a>\n\t\t\t<\/div>\n\t\t\t<\/div><div class=\"et_d4_element et_pb_column_1_3 et_pb_column et_pb_column_2  et_pb_css_mix_blend_mode et-last-child et_block_column\">\n\t\t\t\t\n\t\t\t\t\n\t\t\t\t\n\t\t\t\t\n\t\t\t\t<div class=\"et_pb_module et_d4_element et_pb_image et_pb_image_2\">\n\t\t\t\t\n\t\t\t\t\n\t\t\t\t\n\t\t\t\t\n\t\t\t\t<a href=\"https:\/\/fefi.si\/en\/program-2025\/now-2025\/\"><span class=\"et_pb_image_wrap \"><img loading=\"lazy\" decoding=\"async\" width=\"768\" height=\"432\" src=\"https:\/\/fefi.si\/wp-content\/uploads\/2025\/04\/Zdaj_suncane_pruge_Nika_Autor_FeFi_2025.jpg\" alt=\"\" title=\"Zdaj_suncane_pruge_Nika_Autor_FeFi_2025\" srcset=\"https:\/\/fefi.si\/wp-content\/uploads\/2025\/04\/Zdaj_suncane_pruge_Nika_Autor_FeFi_2025.jpg 768w, https:\/\/fefi.si\/wp-content\/uploads\/2025\/04\/Zdaj_suncane_pruge_Nika_Autor_FeFi_2025-480x270.jpg 480w\" sizes=\"(min-width: 0px) and (max-width: 480px) 480px, (min-width: 481px) 768px, 100vw\" class=\"wp-image-1063\" \/><\/span><\/a>\n\t\t\t<\/div><div class=\"et_pb_module et_d4_element et_pb_text et_pb_text_4  et_pb_text_align_left et_pb_bg_layout_light\">\n\t\t\t\t\n\t\t\t\t\n\t\t\t\t\n\t\t\t\t\n\t\t\t\t<div class=\"et_pb_text_inner\"><h2>NOW!<\/h2>\n<p><!--h6>na ogled od 8. do 13. marca<\/h6--><\/p><\/div>\n\t\t\t<\/div><div class=\"et_pb_module et_d4_element et_pb_text et_pb_text_5  et_pb_text_align_left et_pb_bg_layout_light\">\n\t\t\t\t\n\t\t\t\t\n\t\t\t\t\n\t\t\t\t\n\t\t\t\t<div class=\"et_pb_text_inner\"><h6>Newsreel 242 - Sunny Railways (Obzornik 242 - Sun\u010dane pruge)<\/h6>\n<div style=\"margin: 0 0 15px 0;\">Nika Autor \/ Slovenia, 2023 \/ 30 min<\/div>\n<h6>Borderland (Gr\u00e4nsland)<\/h6>\n<div style=\"margin: 0 0 15px 0;\">Ines Sebalj \/ Sweden, 2024 \/ 10 min<\/div>\n<h6>Three women named Svetlana<\/h6>\n<div style=\"margin: 0 0 15px 0;\">Natalia Boorsma \/ Netherlands, Serbia, 2024 \/ 15 min<\/div>\n<div style=\"margin-top: 20px; font-weight: bold;\">The films will be available for free online streaming from 16th till 21st of April 2025.<\/div><\/div>\n\t\t\t<\/div><div class=\"et_pb_button_module_wrapper et_pb_button_2_wrapper  et_pb_module \">\n\t\t\t\t<a class=\"et_pb_button et_d4_element et_pb_button_2 et_pb_bg_layout_light et_block_module\" href=\"https:\/\/fefi.si\/en\/program-2025\/now-2025\/\">Watch the films<\/a>\n\t\t\t<\/div>\n\t\t\t<\/div>\n\t\t\t\t\n\t\t\t\t\n\t\t\t\t\n\t\t\t\t\n\t\t\t<\/div>\n\t\t\t\t\n\t\t\t\t\n\t\t\t<\/div>\n","protected":false},"excerpt":{"rendered":"","protected":false},"author":1,"featured_media":0,"parent":0,"menu_order":0,"comment_status":"closed","ping_status":"closed","template":"","meta":{"_et_pb_use_builder":"on","_et_pb_old_content":"<!-- wp:paragraph -->\n<p>This is an example page. It's different from a blog post because it will stay in one place and will show up in your site navigation (in most themes). Most people start with an About page that introduces them to potential site visitors. It might say something like this:<\/p>\n<!-- \/wp:paragraph -->\n\n<!-- wp:quote -->\n<blockquote class=\"wp-block-quote\"><p>Hi there! I'm a bike messenger by day, aspiring actor by night, and this is my website. I live in Los Angeles, have a great dog named Jack, and I like pi&#241;a coladas. (And gettin' caught in the rain.)<\/p><\/blockquote>\n<!-- \/wp:quote -->\n\n<!-- wp:paragraph -->\n<p>...or something like this:<\/p>\n<!-- \/wp:paragraph -->\n\n<!-- wp:quote -->\n<blockquote class=\"wp-block-quote\"><p>The XYZ Doohickey Company was founded in 1971, and has been providing quality doohickeys to the public ever since. Located in Gotham City, XYZ employs over 2,000 people and does all kinds of awesome things for the Gotham community.<\/p><\/blockquote>\n<!-- \/wp:quote -->\n\n<!-- wp:paragraph -->\n<p>As a new WordPress user, you should go to <a href=\"http:\/\/fefi.si\/wp-admin\/\">your dashboard<\/a> to delete this page and create new pages for your content. Have fun!<\/p>\n<!-- \/wp:paragraph -->","_et_gb_content_width":"","footnotes":""},"class_list":["post-1141","page","type-page","status-publish","hentry"],"yoast_head":"<!-- This site is optimized with the Yoast SEO plugin v27.4 - https:\/\/yoast.com\/product\/yoast-seo-wordpress\/ -->\n<title>Program 2025 - FeFi - Feministi\u010dni filmski festival<\/title>\n<meta name=\"robots\" content=\"index, follow, max-snippet:-1, max-image-preview:large, max-video-preview:-1\" \/>\n<link rel=\"canonical\" href=\"https:\/\/fefi.si\/en\/program-2025\/\" \/>\n<meta property=\"og:locale\" content=\"en_US\" \/>\n<meta property=\"og:type\" content=\"article\" \/>\n<meta property=\"og:title\" content=\"Program 2025 - FeFi - Feministi\u010dni filmski festival\" \/>\n<meta property=\"og:url\" content=\"https:\/\/fefi.si\/en\/program-2025\/\" \/>\n<meta property=\"og:site_name\" content=\"FeFi - Feministi\u010dni filmski festival\" \/>\n<meta property=\"article:modified_time\" content=\"2025-04-15T09:06:02+00:00\" \/>\n<meta name=\"twitter:card\" content=\"summary_large_image\" \/>\n<meta name=\"twitter:label1\" content=\"Est. reading time\" \/>\n\t<meta name=\"twitter:data1\" content=\"3 minutes\" \/>\n<script type=\"application\/ld+json\" class=\"yoast-schema-graph\">{\"@context\":\"https:\\\/\\\/schema.org\",\"@graph\":[{\"@type\":\"WebPage\",\"@id\":\"https:\\\/\\\/fefi.si\\\/en\\\/program-2025\\\/\",\"url\":\"https:\\\/\\\/fefi.si\\\/en\\\/program-2025\\\/\",\"name\":\"Program 2025 - FeFi - Feministi\u010dni filmski festival\",\"isPartOf\":{\"@id\":\"https:\\\/\\\/fefi.si\\\/en\\\/#website\"},\"datePublished\":\"2025-04-09T08:47:17+00:00\",\"dateModified\":\"2025-04-15T09:06:02+00:00\",\"breadcrumb\":{\"@id\":\"https:\\\/\\\/fefi.si\\\/en\\\/program-2025\\\/#breadcrumb\"},\"inLanguage\":\"en-US\",\"potentialAction\":[{\"@type\":\"ReadAction\",\"target\":[\"https:\\\/\\\/fefi.si\\\/en\\\/program-2025\\\/\"]}]},{\"@type\":\"BreadcrumbList\",\"@id\":\"https:\\\/\\\/fefi.si\\\/en\\\/program-2025\\\/#breadcrumb\",\"itemListElement\":[{\"@type\":\"ListItem\",\"position\":1,\"name\":\"Home\",\"item\":\"https:\\\/\\\/fefi.si\\\/en\\\/home-2026\\\/\"},{\"@type\":\"ListItem\",\"position\":2,\"name\":\"Program 2025\"}]},{\"@type\":\"WebSite\",\"@id\":\"https:\\\/\\\/fefi.si\\\/en\\\/#website\",\"url\":\"https:\\\/\\\/fefi.si\\\/en\\\/\",\"name\":\"FeFi - Feministi\u010dni filmski festival\",\"description\":\"\",\"potentialAction\":[{\"@type\":\"SearchAction\",\"target\":{\"@type\":\"EntryPoint\",\"urlTemplate\":\"https:\\\/\\\/fefi.si\\\/en\\\/?s={search_term_string}\"},\"query-input\":{\"@type\":\"PropertyValueSpecification\",\"valueRequired\":true,\"valueName\":\"search_term_string\"}}],\"inLanguage\":\"en-US\"}]}<\/script>\n<!-- \/ Yoast SEO plugin. -->","yoast_head_json":{"title":"Program 2025 - FeFi - Feministi\u010dni filmski festival","robots":{"index":"index","follow":"follow","max-snippet":"max-snippet:-1","max-image-preview":"max-image-preview:large","max-video-preview":"max-video-preview:-1"},"canonical":"https:\/\/fefi.si\/en\/program-2025\/","og_locale":"en_US","og_type":"article","og_title":"Program 2025 - FeFi - Feministi\u010dni filmski festival","og_url":"https:\/\/fefi.si\/en\/program-2025\/","og_site_name":"FeFi - Feministi\u010dni filmski festival","article_modified_time":"2025-04-15T09:06:02+00:00","twitter_card":"summary_large_image","twitter_misc":{"Est. reading time":"3 minutes"},"schema":{"@context":"https:\/\/schema.org","@graph":[{"@type":"WebPage","@id":"https:\/\/fefi.si\/en\/program-2025\/","url":"https:\/\/fefi.si\/en\/program-2025\/","name":"Program 2025 - FeFi - Feministi\u010dni filmski festival","isPartOf":{"@id":"https:\/\/fefi.si\/en\/#website"},"datePublished":"2025-04-09T08:47:17+00:00","dateModified":"2025-04-15T09:06:02+00:00","breadcrumb":{"@id":"https:\/\/fefi.si\/en\/program-2025\/#breadcrumb"},"inLanguage":"en-US","potentialAction":[{"@type":"ReadAction","target":["https:\/\/fefi.si\/en\/program-2025\/"]}]},{"@type":"BreadcrumbList","@id":"https:\/\/fefi.si\/en\/program-2025\/#breadcrumb","itemListElement":[{"@type":"ListItem","position":1,"name":"Home","item":"https:\/\/fefi.si\/en\/home-2026\/"},{"@type":"ListItem","position":2,"name":"Program 2025"}]},{"@type":"WebSite","@id":"https:\/\/fefi.si\/en\/#website","url":"https:\/\/fefi.si\/en\/","name":"FeFi - Feministi\u010dni filmski festival","description":"","potentialAction":[{"@type":"SearchAction","target":{"@type":"EntryPoint","urlTemplate":"https:\/\/fefi.si\/en\/?s={search_term_string}"},"query-input":{"@type":"PropertyValueSpecification","valueRequired":true,"valueName":"search_term_string"}}],"inLanguage":"en-US"}]}},"_links":{"self":[{"href":"https:\/\/fefi.si\/en\/wp-json\/wp\/v2\/pages\/1141","targetHints":{"allow":["GET"]}}],"collection":[{"href":"https:\/\/fefi.si\/en\/wp-json\/wp\/v2\/pages"}],"about":[{"href":"https:\/\/fefi.si\/en\/wp-json\/wp\/v2\/types\/page"}],"author":[{"embeddable":true,"href":"https:\/\/fefi.si\/en\/wp-json\/wp\/v2\/users\/1"}],"replies":[{"embeddable":true,"href":"https:\/\/fefi.si\/en\/wp-json\/wp\/v2\/comments?post=1141"}],"version-history":[{"count":14,"href":"https:\/\/fefi.si\/en\/wp-json\/wp\/v2\/pages\/1141\/revisions"}],"predecessor-version":[{"id":1196,"href":"https:\/\/fefi.si\/en\/wp-json\/wp\/v2\/pages\/1141\/revisions\/1196"}],"wp:attachment":[{"href":"https:\/\/fefi.si\/en\/wp-json\/wp\/v2\/media?parent=1141"}],"curies":[{"name":"wp","href":"https:\/\/api.w.org\/{rel}","templated":true}]}}